{"id":33,"date":"2021-02-01T07:44:17","date_gmt":"2021-02-01T07:44:17","guid":{"rendered":"http:\/\/source.wpopal.com\/editech\/our-plans\/"},"modified":"2021-02-01T07:44:17","modified_gmt":"2021-02-01T07:44:17","slug":"our-plans","status":"publish","type":"page","link":"https:\/\/ardenmakina.com\/fr\/nos-projets\/","title":{"rendered":"Nos projets"},"content":{"rendered":"<div data-elementor-type=\"wp-page\" data-elementor-id=\"33\" class=\"elementor elementor-33\">\n\t\t\t\t\t\t<section class=\"elementor-section elementor-top-section elementor-element elementor-element-fb025d4 elementor-section-stretched elementor-section-boxed elementor-section-height-default elementor-section-height-default\" data-id=\"fb025d4\" data-element_type=\"section\" data-settings=\"{&quot;stretch_section&quot;:&quot;section-stretched&quot;,&quot;background_background&quot;:&quot;classic&quot;}\">\n\t\t\t\t\t\t<div class=\"elementor-container elementor-column-gap-no\">\n\t\t\t\t\t<div class=\"elementor-column elementor-col-100 elementor-top-column elementor-element elementor-element-69ccb02\" data-id=\"69ccb02\" data-element_type=\"column\">\n\t\t\t<div class=\"elementor-widget-wrap elementor-element-populated\">\n\t\t\t\t\t\t<div class=\"elementor-element elementor-element-c9af8cb elementor-position-above elementor-position-center elementor-widget elementor-widget-heading\" data-id=\"c9af8cb\" data-element_type=\"widget\" data-widget_type=\"heading.default\">\n\t\t\t\t<div class=\"elementor-widget-container\">\n\t\t\t<style>\/*! elementor - v3.23.0 - 15-07-2024 *\/\n.elementor-heading-title{padding:0;margin:0;line-height:1}.elementor-widget-heading .elementor-heading-title[class*=elementor-size-]>a{color:inherit;font-size:inherit;line-height:inherit}.elementor-widget-heading .elementor-heading-title.elementor-size-small{font-size:15px}.elementor-widget-heading .elementor-heading-title.elementor-size-medium{font-size:19px}.elementor-widget-heading .elementor-heading-title.elementor-size-large{font-size:29px}.elementor-widget-heading .elementor-heading-title.elementor-size-xl{font-size:39px}.elementor-widget-heading .elementor-heading-title.elementor-size-xxl{font-size:59px}<\/style><div class=\"elementor-heading-wrapper\" ><div class=\"elementor-heading-wrapper-inner\"><h2 class=\"elementor-heading-title elementor-size-default\">Choisissez le meilleur plan<\/h2><span class=\"sub-title\">Notre plan<\/span><\/div><\/div>\t\t<\/div>\n\t\t\t\t<\/div>\n\t\t\t\t<div class=\"elementor-element elementor-element-9431346 elementor-widget__width-initial elementor-widget-tablet__width-initial elementor-widget elementor-widget-text-editor\" data-id=\"9431346\" data-element_type=\"widget\" data-widget_type=\"text-editor.default\">\n\t\t\t\t<div class=\"elementor-widget-container\">\n\t\t\t<style>\/*! elementor - v3.23.0 - 15-07-2024 *\/\n.elementor-widget-text-editor.elementor-drop-cap-view-stacked .elementor-drop-cap{background-color:#69727d;color:#fff}.elementor-widget-text-editor.elementor-drop-cap-view-framed .elementor-drop-cap{color:#69727d;border:3px solid;background-color:transparent}.elementor-widget-text-editor:not(.elementor-drop-cap-view-default) .elementor-drop-cap{margin-top:8px}.elementor-widget-text-editor:not(.elementor-drop-cap-view-default) .elementor-drop-cap-letter{width:1em;height:1em}.elementor-widget-text-editor .elementor-drop-cap{float:left;text-align:center;line-height:1;font-size:50px}.elementor-widget-text-editor .elementor-drop-cap-letter{display:inline-block}<\/style>        <div class=\"elementor-text-editor elementor-clearfix\"><p>Nous avons con\u00e7u une culture qui permet \u00e0 nos intendants de s'assimiler \u00e0 nos clients et d'apporter le meilleur de ce qu'ils sont \u00e0 votre entreprise.<\/p><\/div>\n        \t\t<\/div>\n\t\t\t\t<\/div>\n\t\t\t\t<section class=\"elementor-section elementor-inner-section elementor-element elementor-element-aeabcde elementor-section-boxed elementor-section-height-default elementor-section-height-default\" data-id=\"aeabcde\" data-element_type=\"section\">\n\t\t\t\t\t\t<div class=\"elementor-container elementor-column-gap-no\">\n\t\t\t\t\t<div class=\"elementor-column elementor-col-33 elementor-inner-column elementor-element elementor-element-07b0647\" data-id=\"07b0647\" data-element_type=\"column\">\n\t\t\t<div class=\"elementor-widget-wrap elementor-element-populated\">\n\t\t\t\t\t\t<div class=\"elementor-element elementor-element-c308aed elementor-widget__width-initial elementor-button-primary elementor-price-table-center elementor-button-Center elementor-widget elementor-widget-opal-price-table\" data-id=\"c308aed\" data-element_type=\"widget\" data-widget_type=\"opal-price-table.default\">\n\t\t\t\t<div class=\"elementor-widget-container\">\n\t\t\t\n        <div class=\"elementor-price-table\">\n            <div class=\"elementor-price-table__wrapper-header\">\n                                <!-- icon box pricing-->\n                                <!-- end icon box-->\n\n                                    <div class=\"elementor-price-table__header\">\n                                                    <h3 class=\"elementor-price-table__heading\">Professionnel<\/h3>\n                                            <\/div>\n                \n                \n                <div class=\"elementor-price-table__price-period\">\n                                            <div class=\"elementor-price-table__price\">\n                                                            <span class=\"elementor-price-table__currency\">&#36;<\/span>\n                                                        <span class=\"elementor-price-table__integer-part\">60<\/span>\n                        <\/div>\n                    \n                    <!-- html period-->\n                    \n                        <div class=\"elementor-price-table__period\">\n                            \/                            <span>Per <span>\n                            <span>mois<span>\n                        <\/div>\n                                    <\/div>\n\n            <\/div>\n            <!-- end header-->\n\n                            <ul class=\"elementor-price-table__features-list\">\n                                            <li class=\"elementor-repeater-item-de84c92 item-active\">\n                            <div class=\"elementor-price-table__feature-inner\">\n                                                                    <i class=\"fa fa-check\"><\/i>                                    <span > Composition assist\u00e9e et pr\u00e9dictive  <\/span>\n                                                            <\/div>\n                        <\/li>\n                                            <li class=\"elementor-repeater-item-bd94ca8\">\n                            <div class=\"elementor-price-table__feature-inner\">\n                                                                    <i class=\"fa fa-close\"><\/i>                                    <span > Assistance t\u00e9l\u00e9phonique et \u00e9lectronique 24\/7  <\/span>\n                                                            <\/div>\n                        <\/li>\n                                            <li class=\"elementor-repeater-item-8c77d5d item-active\">\n                            <div class=\"elementor-price-table__feature-inner\">\n                                                                    <i class=\"fa fa-check\"><\/i>                                    <span > Qualit\u00e9 et exp\u00e9rience client  <\/span>\n                                                            <\/div>\n                        <\/li>\n                                            <li class=\"elementor-repeater-item-543e7bb\">\n                            <div class=\"elementor-price-table__feature-inner\">\n                                                                    <i class=\"fa fa-close\"><\/i>                                    <span > Essayez gratuitement, pour toujours !  <\/span>\n                                                            <\/div>\n                        <\/li>\n                                    <\/ul>\n            \n                            <div class=\"elementor-price-table__footer\">\n                                            <a class=\"elementor-price-table__button elementor-button elementor-size-md\" href=\"#\">\n                            Commencer                            <i class=\"opal-icon-arrow-right\"><\/i>\n                        <\/a>\n                                    <\/div>\n            \n        <\/div>\n        \t\t<\/div>\n\t\t\t\t<\/div>\n\t\t\t\t\t<\/div>\n\t\t<\/div>\n\t\t\t\t<div class=\"elementor-column elementor-col-33 elementor-inner-column elementor-element elementor-element-bf119ef\" data-id=\"bf119ef\" data-element_type=\"column\">\n\t\t\t<div class=\"elementor-widget-wrap elementor-element-populated\">\n\t\t\t\t\t\t<div class=\"elementor-element elementor-element-6d5c582 elementor-widget__width-initial elementor-button-primary elementor-price-table-center elementor-button-Center elementor-widget elementor-widget-opal-price-table\" data-id=\"6d5c582\" data-element_type=\"widget\" data-widget_type=\"opal-price-table.default\">\n\t\t\t\t<div class=\"elementor-widget-container\">\n\t\t\t\n        <div class=\"elementor-price-table\">\n            <div class=\"elementor-price-table__wrapper-header\">\n                                <!-- icon box pricing-->\n                                    <div class=\"elementor-price-table__popular\">\n                        <span> Populaire<\/span>\n                    <\/div>\n                                <!-- end icon box-->\n\n                                    <div class=\"elementor-price-table__header\">\n                                                    <h3 class=\"elementor-price-table__heading\">Standard<\/h3>\n                                            <\/div>\n                \n                \n                <div class=\"elementor-price-table__price-period\">\n                                            <div class=\"elementor-price-table__price\">\n                                                            <span class=\"elementor-price-table__currency\">&#36;<\/span>\n                                                        <span class=\"elementor-price-table__integer-part\">90<\/span>\n                        <\/div>\n                    \n                    <!-- html period-->\n                    \n                        <div class=\"elementor-price-table__period\">\n                            \/                            <span>Per <span>\n                            <span>mois<span>\n                        <\/div>\n                                    <\/div>\n\n            <\/div>\n            <!-- end header-->\n\n                            <ul class=\"elementor-price-table__features-list\">\n                                            <li class=\"elementor-repeater-item-de84c92 item-active\">\n                            <div class=\"elementor-price-table__feature-inner\">\n                                                                    <i class=\"fa fa-check\"><\/i>                                    <span > Composition assist\u00e9e et pr\u00e9dictive  <\/span>\n                                                            <\/div>\n                        <\/li>\n                                            <li class=\"elementor-repeater-item-bd94ca8 item-active\">\n                            <div class=\"elementor-price-table__feature-inner\">\n                                                                    <i class=\"fa fa-check\"><\/i>                                    <span > Assistance t\u00e9l\u00e9phonique et \u00e9lectronique 24\/7  <\/span>\n                                                            <\/div>\n                        <\/li>\n                                            <li class=\"elementor-repeater-item-8c77d5d item-active\">\n                            <div class=\"elementor-price-table__feature-inner\">\n                                                                    <i class=\"fa fa-check\"><\/i>                                    <span > Qualit\u00e9 et exp\u00e9rience client  <\/span>\n                                                            <\/div>\n                        <\/li>\n                                            <li class=\"elementor-repeater-item-543e7bb item-active\">\n                            <div class=\"elementor-price-table__feature-inner\">\n                                                                    <i class=\"fa fa-check\"><\/i>                                    <span > Essayez gratuitement, pour toujours !  <\/span>\n                                                            <\/div>\n                        <\/li>\n                                    <\/ul>\n            \n                            <div class=\"elementor-price-table__footer\">\n                                            <a class=\"elementor-price-table__button elementor-button elementor-size-md\" href=\"#\">\n                            Commencer                            <i class=\"opal-icon-arrow-right\"><\/i>\n                        <\/a>\n                                    <\/div>\n            \n        <\/div>\n        \t\t<\/div>\n\t\t\t\t<\/div>\n\t\t\t\t\t<\/div>\n\t\t<\/div>\n\t\t\t\t<div class=\"elementor-column elementor-col-33 elementor-inner-column elementor-element elementor-element-a4c83ee\" data-id=\"a4c83ee\" data-element_type=\"column\">\n\t\t\t<div class=\"elementor-widget-wrap elementor-element-populated\">\n\t\t\t\t\t\t<div class=\"elementor-element elementor-element-34b809f elementor-widget__width-initial elementor-button-primary elementor-price-table-center elementor-button-Center elementor-widget elementor-widget-opal-price-table\" data-id=\"34b809f\" data-element_type=\"widget\" data-widget_type=\"opal-price-table.default\">\n\t\t\t\t<div class=\"elementor-widget-container\">\n\t\t\t\n        <div class=\"elementor-price-table\">\n            <div class=\"elementor-price-table__wrapper-header\">\n                                <!-- icon box pricing-->\n                                <!-- end icon box-->\n\n                                    <div class=\"elementor-price-table__header\">\n                                                    <h3 class=\"elementor-price-table__heading\">De base<\/h3>\n                                            <\/div>\n                \n                \n                <div class=\"elementor-price-table__price-period\">\n                                            <div class=\"elementor-price-table__price\">\n                                                            <span class=\"elementor-price-table__currency\">&#36;<\/span>\n                                                        <span class=\"elementor-price-table__integer-part\">81<\/span>\n                        <\/div>\n                    \n                    <!-- html period-->\n                    \n                        <div class=\"elementor-price-table__period\">\n                            \/                            <span>Per <span>\n                            <span>mois<span>\n                        <\/div>\n                                    <\/div>\n\n            <\/div>\n            <!-- end header-->\n\n                            <ul class=\"elementor-price-table__features-list\">\n                                            <li class=\"elementor-repeater-item-de84c92 item-active\">\n                            <div class=\"elementor-price-table__feature-inner\">\n                                                                    <i class=\"fa fa-check\"><\/i>                                    <span > Composition assist\u00e9e et pr\u00e9dictive  <\/span>\n                                                            <\/div>\n                        <\/li>\n                                            <li class=\"elementor-repeater-item-bd94ca8\">\n                            <div class=\"elementor-price-table__feature-inner\">\n                                                                    <i class=\"fa fa-close\"><\/i>                                    <span > Assistance t\u00e9l\u00e9phonique et \u00e9lectronique 24\/7  <\/span>\n                                                            <\/div>\n                        <\/li>\n                                            <li class=\"elementor-repeater-item-8c77d5d item-active\">\n                            <div class=\"elementor-price-table__feature-inner\">\n                                                                    <i class=\"fa fa-check\"><\/i>                                    <span > Qualit\u00e9 et exp\u00e9rience client  <\/span>\n                                                            <\/div>\n                        <\/li>\n                                            <li class=\"elementor-repeater-item-543e7bb\">\n                            <div class=\"elementor-price-table__feature-inner\">\n                                                                    <i class=\"fa fa-close\"><\/i>                                    <span > Essayez gratuitement, pour toujours !  <\/span>\n                                                            <\/div>\n                        <\/li>\n                                    <\/ul>\n            \n                            <div class=\"elementor-price-table__footer\">\n                                            <a class=\"elementor-price-table__button elementor-button elementor-size-md\" href=\"#\">\n                            Commencer                            <i class=\"opal-icon-arrow-right\"><\/i>\n                        <\/a>\n                                    <\/div>\n            \n        <\/div>\n        \t\t<\/div>\n\t\t\t\t<\/div>\n\t\t\t\t\t<\/div>\n\t\t<\/div>\n\t\t\t\t\t<\/div>\n\t\t<\/section>\n\t\t\t\t\t<\/div>\n\t\t<\/div>\n\t\t\t\t\t<\/div>\n\t\t<\/section>\n\t\t\t\t<section class=\"elementor-section elementor-top-section elementor-element elementor-element-fa331d9 elementor-section-stretched elementor-section-height-min-height elementor-section-boxed elementor-section-height-default elementor-section-items-middle\" data-id=\"fa331d9\" data-element_type=\"section\" data-settings=\"{&quot;stretch_section&quot;:&quot;section-stretched&quot;,&quot;background_background&quot;:&quot;classic&quot;}\">\n\t\t\t\t\t\t<div class=\"elementor-container elementor-column-gap-no\">\n\t\t\t\t\t<div class=\"elementor-column elementor-col-50 elementor-top-column elementor-element elementor-element-cc63faf\" data-id=\"cc63faf\" data-element_type=\"column\" data-settings=\"{&quot;background_background&quot;:&quot;classic&quot;}\">\n\t\t\t<div class=\"elementor-widget-wrap elementor-element-populated\">\n\t\t\t\t\t\t<div class=\"elementor-element elementor-element-d58525c elementor-cta--layout-image-left elementor-cta--valign-top elementor-widget__width-initial elementor-cta--skin-classic call-to-action-wrapper-transform-none elementor-button-link elementor-animated-content elementor-bg-transform elementor-bg-transform-zoom-in elementor-widget elementor-widget-call-to-action\" data-id=\"d58525c\" data-element_type=\"widget\" data-widget_type=\"call-to-action.default\">\n\t\t\t\t<div class=\"elementor-widget-container\">\n\t\t\t    <div class=\"elementor-cta\">\n\n                            <div class=\"elementor-cta__content\">\n\n                            <a class=\"link-box\" href=\"#\"><\/a>\n            \n            \n            \n                            <h2 class=\"elementor-cta__title elementor-cta__content-item elementor-content-item\" data-letter=\"Ready To Start?\">\n                Pr\u00eat \u00e0 commencer ?                <\/h2>\n            \n                            <div class=\"elementor-cta__description elementor-cta__content-item elementor-content-item\">\n                    Obtenez des conseils contextuels de la part de nos experts sur vos questions les plus urgentes ou vos domaines d'int\u00e9r\u00eat.                <\/div>\n            \n                        <div class=\"elementor-cta__button-wrapper elementor-cta__content-item elementor-content-item\">\n                <button class=\"elementor-cta__button elementor-button elementor-size-md\">\n                                    <span class=\"elementor-button-icon elementor-align-icon-right\">\n                                <i class=\"opal-icon-arrow-right\" aria-hidden=\"true\"><\/i>\n                            <\/span>\n                                <span>CONTACTEZ-NOUS MAINTENANT<\/span>\n                <\/button>\n                <\/div>\n                        <\/div>\n                        <\/div>\n        \t\t<\/div>\n\t\t\t\t<\/div>\n\t\t\t\t\t<\/div>\n\t\t<\/div>\n\t\t\t\t<div class=\"elementor-column elementor-col-50 elementor-top-column elementor-element elementor-element-c024dbb\" data-id=\"c024dbb\" data-element_type=\"column\" data-settings=\"{&quot;background_background&quot;:&quot;classic&quot;}\">\n\t\t\t<div class=\"elementor-widget-wrap elementor-element-populated\">\n\t\t\t\t\t\t<div class=\"elementor-element elementor-element-80a4db2 elementor-cta--layout-image-left elementor-cta--valign-top elementor-widget__width-initial elementor-cta--skin-classic call-to-action-wrapper-transform-none elementor-button-link elementor-animated-content elementor-bg-transform elementor-bg-transform-zoom-in elementor-widget elementor-widget-call-to-action\" data-id=\"80a4db2\" data-element_type=\"widget\" data-widget_type=\"call-to-action.default\">\n\t\t\t\t<div class=\"elementor-widget-container\">\n\t\t\t    <div class=\"elementor-cta\">\n\n                            <div class=\"elementor-cta__content\">\n\n                            <a class=\"link-box\" href=\"#\"><\/a>\n            \n            \n            \n                            <h2 class=\"elementor-cta__title elementor-cta__content-item elementor-content-item\" data-letter=\"Looking For a Job?\">\n                \u00c0 la recherche d'un emploi ?                <\/h2>\n            \n                            <div class=\"elementor-cta__description elementor-cta__content-item elementor-content-item\">\n                    Nous savons ce qu'il faut faire pour obtenir l'emploi que vous m\u00e9ritez. Rejoignez la soci\u00e9t\u00e9 de recherche la plus prosp\u00e8re et la plus innovante.                <\/div>\n            \n                        <div class=\"elementor-cta__button-wrapper elementor-cta__content-item elementor-content-item\">\n                <button class=\"elementor-cta__button elementor-button elementor-size-md\">\n                                    <span class=\"elementor-button-icon elementor-align-icon-right\">\n                                <i class=\"opal-icon-arrow-right\" aria-hidden=\"true\"><\/i>\n                            <\/span>\n                                <span>VOIR POSITION OUVERTE<\/span>\n                <\/button>\n                <\/div>\n                        <\/div>\n                        <\/div>\n        \t\t<\/div>\n\t\t\t\t<\/div>\n\t\t\t\t\t<\/div>\n\t\t<\/div>\n\t\t\t\t\t<\/div>\n\t\t<\/section>\n\t\t\t\t<\/div>","protected":false},"excerpt":{"rendered":"","protected":false},"author":1,"featured_media":0,"parent":0,"menu_order":0,"comment_status":"closed","ping_status":"closed","template":"page-elementor.php","meta":{"inline_featured_image":false,"footnotes":""},"class_list":["post-33","page","type-page","status-publish","hentry"],"_links":{"self":[{"href":"https:\/\/ardenmakina.com\/fr\/wp-json\/wp\/v2\/pages\/33","targetHints":{"allow":["GET"]}}],"collection":[{"href":"https:\/\/ardenmakina.com\/fr\/wp-json\/wp\/v2\/pages"}],"about":[{"href":"https:\/\/ardenmakina.com\/fr\/wp-json\/wp\/v2\/types\/page"}],"author":[{"embeddable":true,"href":"https:\/\/ardenmakina.com\/fr\/wp-json\/wp\/v2\/users\/1"}],"replies":[{"embeddable":true,"href":"https:\/\/ardenmakina.com\/fr\/wp-json\/wp\/v2\/comments?post=33"}],"version-history":[{"count":0,"href":"https:\/\/ardenmakina.com\/fr\/wp-json\/wp\/v2\/pages\/33\/revisions"}],"wp:attachment":[{"href":"https:\/\/ardenmakina.com\/fr\/wp-json\/wp\/v2\/media?parent=33"}],"curies":[{"name":"wp","href":"https:\/\/api.w.org\/{rel}","templated":true}]}}