{"id":3279,"date":"2021-03-16T04:19:45","date_gmt":"2021-03-16T04:19:45","guid":{"rendered":"http:\/\/source.wpopal.com\/editech\/?page_id=3279"},"modified":"2025-03-11T01:03:10","modified_gmt":"2025-03-10T22:03:10","slug":"kilitli-parke-tasi-bordur-ve-briket-uretim-makineleri","status":"publish","type":"page","link":"https:\/\/ardenmakina.com\/fr\/nos-produits\/machines-de-production-de-paves-de-bordures-et-de-briquettes\/","title":{"rendered":"Machines de production de pav\u00e9s autobloquants, de bordures et de briquettes"},"content":{"rendered":"<div data-elementor-type=\"wp-page\" data-elementor-id=\"3279\" class=\"elementor elementor-3279\">\n\t\t\t\t<div class=\"elementor-element elementor-element-57434ef e-con-full e-flex e-con e-parent\" data-id=\"57434ef\" data-element_type=\"container\">\n\t\t\t\t<div class=\"elementor-element elementor-element-5612f8dc elementor-position-top elementor-widget elementor-widget-image-box\" data-id=\"5612f8dc\" data-element_type=\"widget\" data-widget_type=\"image-box.default\">\n\t\t\t\t<div class=\"elementor-widget-container\">\n\t\t\t<style>\/*! elementor - v3.23.0 - 15-07-2024 *\/\n.elementor-widget-image-box .elementor-image-box-content{width:100%}@media (min-width:768px){.elementor-widget-image-box.elementor-position-left .elementor-image-box-wrapper,.elementor-widget-image-box.elementor-position-right .elementor-image-box-wrapper{display:flex}.elementor-widget-image-box.elementor-position-right .elementor-image-box-wrapper{text-align:end;flex-direction:row-reverse}.elementor-widget-image-box.elementor-position-left .elementor-image-box-wrapper{text-align:start;flex-direction:row}.elementor-widget-image-box.elementor-position-top .elementor-image-box-img{margin:auto}.elementor-widget-image-box.elementor-vertical-align-top .elementor-image-box-wrapper{align-items:flex-start}.elementor-widget-image-box.elementor-vertical-align-middle .elementor-image-box-wrapper{align-items:center}.elementor-widget-image-box.elementor-vertical-align-bottom .elementor-image-box-wrapper{align-items:flex-end}}@media (max-width:767px){.elementor-widget-image-box .elementor-image-box-img{margin-left:auto!important;margin-right:auto!important;margin-bottom:15px}}.elementor-widget-image-box .elementor-image-box-img{display:inline-block}.elementor-widget-image-box .elementor-image-box-title a{color:inherit}.elementor-widget-image-box .elementor-image-box-wrapper{text-align:center}.elementor-widget-image-box .elementor-image-box-description{margin:0}<\/style><div class=\"elementor-image-box-wrapper\"><div class=\"elementor-image-framed\"><figure class=\"elementor-image-box-img\"><a href=\"https:\/\/ardenmakina.com\/fr\/nos-produits\/machines-de-production-de-paves-de-bordures-et-de-briquettes\/quattro-8x8-plus\/\"><img fetchpriority=\"high\" decoding=\"async\" width=\"690\" height=\"340\" src=\"https:\/\/ardenmakina.com\/wp-content\/uploads\/2025\/03\/CS-42-QUATTRO-8X8-PLUS-KIRMIZI-690x340.webp\" class=\"attachment-editech-featured-image-blog size-editech-featured-image-blog wp-image-5787\" alt=\"\" \/><\/a><\/figure><\/div><div class=\"elementor-image-box-content\"><h3 class=\"elementor-image-box-title\"><a href=\"https:\/\/ardenmakina.com\/fr\/nos-produits\/machines-de-production-de-paves-de-bordures-et-de-briquettes\/quattro-8x8-plus\/\">QUATTRO 8X8 PLUS <\/a><\/h3><p class=\"elementor-image-box-description\">Il s'agit de la machine automatique \u00e0 une rang\u00e9e de 42 pav\u00e9s et 18 ponceuses la plus rapide et la plus puissante jamais produite en Turquie.<\/p><\/div><\/div>\t\t<\/div>\n\t\t\t\t<\/div>\n\t\t\t\t<div class=\"elementor-element elementor-element-7c94e149 elementor-position-top elementor-widget elementor-widget-image-box\" data-id=\"7c94e149\" data-element_type=\"widget\" data-widget_type=\"image-box.default\">\n\t\t\t\t<div class=\"elementor-widget-container\">\n\t\t\t<div class=\"elementor-image-box-wrapper\"><div class=\"elementor-image-framed\"><figure class=\"elementor-image-box-img\"><a href=\"https:\/\/ardenmakina.com\/fr\/nos-produits\/machines-de-production-de-paves-de-bordures-et-de-briquettes\/quattro-6x6-turbo\/\"><img fetchpriority=\"high\" decoding=\"async\" width=\"690\" height=\"340\" src=\"https:\/\/ardenmakina.com\/wp-content\/uploads\/2025\/03\/CS-42-QUATTRO-8X8-PLUS-KIRMIZI-690x340.webp\" class=\"attachment-editech-featured-image-blog size-editech-featured-image-blog wp-image-5787\" alt=\"\" \/><\/a><\/figure><\/div><div class=\"elementor-image-box-content\"><h3 class=\"elementor-image-box-title\"><a href=\"https:\/\/ardenmakina.com\/fr\/nos-produits\/machines-de-production-de-paves-de-bordures-et-de-briquettes\/quattro-6x6-turbo\/\">QUATTRO 6X6 TURBO<\/a><\/h3><p class=\"elementor-image-box-description\">Il s'agit de la machine automatique \u00e0 une rang\u00e9e de 42 pav\u00e9s et 18 ponceuses la plus rapide et la plus puissante jamais produite en Turquie.<\/p><\/div><\/div>\t\t<\/div>\n\t\t\t\t<\/div>\n\t\t\t\t<div class=\"elementor-element elementor-element-1c0352c6 elementor-position-top elementor-widget elementor-widget-image-box\" data-id=\"1c0352c6\" data-element_type=\"widget\" data-widget_type=\"image-box.default\">\n\t\t\t\t<div class=\"elementor-widget-container\">\n\t\t\t<div class=\"elementor-image-box-wrapper\"><div class=\"elementor-image-framed\"><figure class=\"elementor-image-box-img\"><a href=\"https:\/\/ardenmakina.com\/fr\/nos-produits\/machines-de-production-de-paves-de-bordures-et-de-briquettes\/quattro-4x4-turbo\/\"><img fetchpriority=\"high\" decoding=\"async\" width=\"690\" height=\"340\" src=\"https:\/\/ardenmakina.com\/wp-content\/uploads\/2025\/03\/CS-42-QUATTRO-8X8-PLUS-KIRMIZI-690x340.webp\" class=\"attachment-editech-featured-image-blog size-editech-featured-image-blog wp-image-5787\" alt=\"\" \/><\/a><\/figure><\/div><div class=\"elementor-image-box-content\"><h3 class=\"elementor-image-box-title\"><a href=\"https:\/\/ardenmakina.com\/fr\/nos-produits\/machines-de-production-de-paves-de-bordures-et-de-briquettes\/quattro-4x4-turbo\/\">QUATTRO 4X4 TURBO<\/a><\/h3><p class=\"elementor-image-box-description\">Il s'agit de la machine automatique \u00e0 une rang\u00e9e de 42 pav\u00e9s et 18 ponceuses la plus rapide et la plus puissante jamais produite en Turquie.<\/p><\/div><\/div>\t\t<\/div>\n\t\t\t\t<\/div>\n\t\t\t\t<\/div>\n\t\t<div class=\"elementor-element elementor-element-5023fb7c e-con-full e-flex e-con e-parent\" data-id=\"5023fb7c\" data-element_type=\"container\">\n\t\t\t\t<div class=\"elementor-element elementor-element-55b39107 elementor-position-top elementor-widget elementor-widget-image-box\" data-id=\"55b39107\" data-element_type=\"widget\" data-widget_type=\"image-box.default\">\n\t\t\t\t<div class=\"elementor-widget-container\">\n\t\t\t<div class=\"elementor-image-box-wrapper\"><div class=\"elementor-image-framed\"><figure class=\"elementor-image-box-img\"><a href=\"https:\/\/ardenmakina.com\/fr\/nos-produits\/machines-de-production-de-paves-de-bordures-et-de-briquettes\/quattro-8x8-plus\/\"><img fetchpriority=\"high\" decoding=\"async\" width=\"690\" height=\"340\" src=\"https:\/\/ardenmakina.com\/wp-content\/uploads\/2025\/03\/CS-42-QUATTRO-8X8-PLUS-KIRMIZI-690x340.webp\" class=\"attachment-editech-featured-image-blog size-editech-featured-image-blog wp-image-5787\" alt=\"\" \/><\/a><\/figure><\/div><div class=\"elementor-image-box-content\"><h3 class=\"elementor-image-box-title\"><a href=\"https:\/\/ardenmakina.com\/fr\/nos-produits\/machines-de-production-de-paves-de-bordures-et-de-briquettes\/quattro-8x8-plus\/\">QUATTRO 8X8 PLUS <\/a><\/h3><p class=\"elementor-image-box-description\">Il s'agit de la machine automatique \u00e0 une rang\u00e9e de 42 pav\u00e9s et 18 ponceuses la plus rapide et la plus puissante jamais produite en Turquie.<\/p><\/div><\/div>\t\t<\/div>\n\t\t\t\t<\/div>\n\t\t\t\t<div class=\"elementor-element elementor-element-7fd8fc1e elementor-position-top elementor-widget elementor-widget-image-box\" data-id=\"7fd8fc1e\" data-element_type=\"widget\" data-widget_type=\"image-box.default\">\n\t\t\t\t<div class=\"elementor-widget-container\">\n\t\t\t<div class=\"elementor-image-box-wrapper\"><div class=\"elementor-image-framed\"><figure class=\"elementor-image-box-img\"><a href=\"https:\/\/ardenmakina.com\/fr\/nos-produits\/machines-de-production-de-paves-de-bordures-et-de-briquettes\/quattro-6x6-turbo\/\"><img fetchpriority=\"high\" decoding=\"async\" width=\"690\" height=\"340\" src=\"https:\/\/ardenmakina.com\/wp-content\/uploads\/2025\/03\/CS-42-QUATTRO-8X8-PLUS-KIRMIZI-690x340.webp\" class=\"attachment-editech-featured-image-blog size-editech-featured-image-blog wp-image-5787\" alt=\"\" \/><\/a><\/figure><\/div><div class=\"elementor-image-box-content\"><h3 class=\"elementor-image-box-title\"><a href=\"https:\/\/ardenmakina.com\/fr\/nos-produits\/machines-de-production-de-paves-de-bordures-et-de-briquettes\/quattro-6x6-turbo\/\">QUATTRO 6X6 TURBO<\/a><\/h3><p class=\"elementor-image-box-description\">Il s'agit de la machine automatique \u00e0 une rang\u00e9e de 42 pav\u00e9s et 18 ponceuses la plus rapide et la plus puissante jamais produite en Turquie.<\/p><\/div><\/div>\t\t<\/div>\n\t\t\t\t<\/div>\n\t\t\t\t<div class=\"elementor-element elementor-element-1871e9e5 elementor-position-top elementor-widget elementor-widget-image-box\" data-id=\"1871e9e5\" data-element_type=\"widget\" data-widget_type=\"image-box.default\">\n\t\t\t\t<div class=\"elementor-widget-container\">\n\t\t\t<div class=\"elementor-image-box-wrapper\"><div class=\"elementor-image-framed\"><figure class=\"elementor-image-box-img\"><a href=\"https:\/\/ardenmakina.com\/fr\/nos-produits\/machines-de-production-de-paves-de-bordures-et-de-briquettes\/quattro-4x4-turbo\/\"><img fetchpriority=\"high\" decoding=\"async\" width=\"690\" height=\"340\" src=\"https:\/\/ardenmakina.com\/wp-content\/uploads\/2025\/03\/CS-42-QUATTRO-8X8-PLUS-KIRMIZI-690x340.webp\" class=\"attachment-editech-featured-image-blog size-editech-featured-image-blog wp-image-5787\" alt=\"\" \/><\/a><\/figure><\/div><div class=\"elementor-image-box-content\"><h3 class=\"elementor-image-box-title\"><a href=\"https:\/\/ardenmakina.com\/fr\/nos-produits\/machines-de-production-de-paves-de-bordures-et-de-briquettes\/quattro-4x4-turbo\/\">QUATTRO 4X4 TURBO<\/a><\/h3><p class=\"elementor-image-box-description\">Il s'agit de la machine automatique \u00e0 une rang\u00e9e de 42 pav\u00e9s et 18 ponceuses la plus rapide et la plus puissante jamais produite en Turquie.<\/p><\/div><\/div>\t\t<\/div>\n\t\t\t\t<\/div>\n\t\t\t\t<\/div>\n\t\t<div class=\"elementor-element elementor-element-93f115e e-flex e-con-boxed e-con e-parent\" data-id=\"93f115e\" data-element_type=\"container\">\n\t\t\t\t\t<div class=\"e-con-inner\">\n\t\t\t\t\t<\/div>\n\t\t\t\t<\/div>\n\t\t\t\t<\/div>","protected":false},"excerpt":{"rendered":"<p>QUATTRO 8X8 PLUS T\u00fcrkiye\u2018de bu g\u00fcne kadar \u00fcretilmi\u015f en h\u0131zl\u0131 ve en g\u00fc\u00e7l\u00fc tek s\u0131ra otomatik 42\u2019li parke ve 18\u2019li Biriket (bims) makinas\u0131d\u0131r. QUATTRO 6X6 TURBO T\u00fcrkiye\u2018de bu g\u00fcne kadar \u00fcretilmi\u015f en h\u0131zl\u0131 ve en g\u00fc\u00e7l\u00fc tek s\u0131ra otomatik 42\u2019li parke ve 18\u2019li Biriket (bims) makinas\u0131d\u0131r. QUATTRO 4X4 TURBO T\u00fcrkiye\u2018de bu g\u00fcne kadar \u00fcretilmi\u015f en &hellip; <\/p>\n<p class=\"more-link-wrap\"><a href=\"https:\/\/ardenmakina.com\/fr\/nos-produits\/machines-de-production-de-paves-de-bordures-et-de-briquettes\/\" class=\"more-link\"><span>Lire la suite<span class=\"screen-reader-text\"> &#8220;Kilitli Parke Ta\u015f\u0131, Bord\u00fcr ve Briket \u00dcretim Makineleri&#8221;<\/span><\/span><i class=\"opal-icon-arrow-right\" aria-hidden=\"true\"><\/i><\/a><\/p>","protected":false},"author":1,"featured_media":0,"parent":617,"menu_order":0,"comment_status":"closed","ping_status":"closed","template":"","meta":{"inline_featured_image":false,"footnotes":""},"class_list":["post-3279","page","type-page","status-publish","hentry"],"_links":{"self":[{"href":"https:\/\/ardenmakina.com\/fr\/wp-json\/wp\/v2\/pages\/3279","targetHints":{"allow":["GET"]}}],"collection":[{"href":"https:\/\/ardenmakina.com\/fr\/wp-json\/wp\/v2\/pages"}],"about":[{"href":"https:\/\/ardenmakina.com\/fr\/wp-json\/wp\/v2\/types\/page"}],"author":[{"embeddable":true,"href":"https:\/\/ardenmakina.com\/fr\/wp-json\/wp\/v2\/users\/1"}],"replies":[{"embeddable":true,"href":"https:\/\/ardenmakina.com\/fr\/wp-json\/wp\/v2\/comments?post=3279"}],"version-history":[{"count":20,"href":"https:\/\/ardenmakina.com\/fr\/wp-json\/wp\/v2\/pages\/3279\/revisions"}],"predecessor-version":[{"id":5917,"href":"https:\/\/ardenmakina.com\/fr\/wp-json\/wp\/v2\/pages\/3279\/revisions\/5917"}],"up":[{"embeddable":true,"href":"https:\/\/ardenmakina.com\/fr\/wp-json\/wp\/v2\/pages\/617"}],"wp:attachment":[{"href":"https:\/\/ardenmakina.com\/fr\/wp-json\/wp\/v2\/media?parent=3279"}],"curies":[{"name":"wp","href":"https:\/\/api.w.org\/{rel}","templated":true}]}}