{"id":3275,"date":"2021-03-16T04:19:07","date_gmt":"2021-03-16T04:19:07","guid":{"rendered":"http:\/\/source.wpopal.com\/editech\/?page_id=3275"},"modified":"2025-03-10T23:53:56","modified_gmt":"2025-03-10T20:53:56","slug":"yuzey-isleme-makineleri","status":"publish","type":"page","link":"https:\/\/ardenmakina.com\/en\/our-products\/surface-treatment-machines\/","title":{"rendered":"Surface Treatment Machines"},"content":{"rendered":"<div data-elementor-type=\"wp-page\" data-elementor-id=\"3275\" class=\"elementor elementor-3275\">\n\t\t\t\t<div class=\"elementor-element elementor-element-44b8a632 e-con-full e-flex e-con e-parent\" data-id=\"44b8a632\" data-element_type=\"container\">\n\t\t\t\t<div class=\"elementor-element elementor-element-293c1721 elementor-position-top elementor-widget elementor-widget-image-box\" data-id=\"293c1721\" data-element_type=\"widget\" data-widget_type=\"image-box.default\">\n\t\t\t\t<div class=\"elementor-widget-container\">\n\t\t\t<style>\/*! elementor - v3.23.0 - 15-07-2024 *\/\n.elementor-widget-image-box .elementor-image-box-content{width:100%}@media (min-width:768px){.elementor-widget-image-box.elementor-position-left .elementor-image-box-wrapper,.elementor-widget-image-box.elementor-position-right .elementor-image-box-wrapper{display:flex}.elementor-widget-image-box.elementor-position-right .elementor-image-box-wrapper{text-align:end;flex-direction:row-reverse}.elementor-widget-image-box.elementor-position-left .elementor-image-box-wrapper{text-align:start;flex-direction:row}.elementor-widget-image-box.elementor-position-top .elementor-image-box-img{margin:auto}.elementor-widget-image-box.elementor-vertical-align-top .elementor-image-box-wrapper{align-items:flex-start}.elementor-widget-image-box.elementor-vertical-align-middle .elementor-image-box-wrapper{align-items:center}.elementor-widget-image-box.elementor-vertical-align-bottom .elementor-image-box-wrapper{align-items:flex-end}}@media (max-width:767px){.elementor-widget-image-box .elementor-image-box-img{margin-left:auto!important;margin-right:auto!important;margin-bottom:15px}}.elementor-widget-image-box .elementor-image-box-img{display:inline-block}.elementor-widget-image-box .elementor-image-box-title a{color:inherit}.elementor-widget-image-box .elementor-image-box-wrapper{text-align:center}.elementor-widget-image-box .elementor-image-box-description{margin:0}<\/style><div class=\"elementor-image-box-wrapper\"><div class=\"elementor-image-framed\"><figure class=\"elementor-image-box-img\"><a href=\"https:\/\/ardenmakina.com\/en\/our-products\/cobblestone-curb-and-briquette-production-machines\/quattro-8x8-plus\/\"><img fetchpriority=\"high\" decoding=\"async\" width=\"690\" height=\"340\" src=\"https:\/\/ardenmakina.com\/wp-content\/uploads\/2025\/03\/CS-42-QUATTRO-8X8-PLUS-KIRMIZI-690x340.webp\" class=\"attachment-editech-featured-image-blog size-editech-featured-image-blog wp-image-5787\" alt=\"\" \/><\/a><\/figure><\/div><div class=\"elementor-image-box-content\"><h3 class=\"elementor-image-box-title\"><a href=\"https:\/\/ardenmakina.com\/en\/our-products\/cobblestone-curb-and-briquette-production-machines\/quattro-8x8-plus\/\">QUATTRO 8X8 PLUS <\/a><\/h3><p class=\"elementor-image-box-description\">It is the fastest and most powerful single row automatic 42 paver and 18 Biriket (pumice) machine ever produced in Turkey.<\/p><\/div><\/div>\t\t<\/div>\n\t\t\t\t<\/div>\n\t\t\t\t<div class=\"elementor-element elementor-element-efae718 elementor-position-top elementor-widget elementor-widget-image-box\" data-id=\"efae718\" data-element_type=\"widget\" data-widget_type=\"image-box.default\">\n\t\t\t\t<div class=\"elementor-widget-container\">\n\t\t\t<div class=\"elementor-image-box-wrapper\"><div class=\"elementor-image-framed\"><figure class=\"elementor-image-box-img\"><a href=\"https:\/\/ardenmakina.com\/en\/our-products\/cobblestone-curb-and-briquette-production-machines\/quattro-6x6-turbo\/\"><img fetchpriority=\"high\" decoding=\"async\" width=\"690\" height=\"340\" src=\"https:\/\/ardenmakina.com\/wp-content\/uploads\/2025\/03\/CS-42-QUATTRO-8X8-PLUS-KIRMIZI-690x340.webp\" class=\"attachment-editech-featured-image-blog size-editech-featured-image-blog wp-image-5787\" alt=\"\" \/><\/a><\/figure><\/div><div class=\"elementor-image-box-content\"><h3 class=\"elementor-image-box-title\"><a href=\"https:\/\/ardenmakina.com\/en\/our-products\/cobblestone-curb-and-briquette-production-machines\/quattro-6x6-turbo\/\">QUATTRO 6X6 TURBO<\/a><\/h3><p class=\"elementor-image-box-description\">It is the fastest and most powerful single row automatic 42 paver and 18 Biriket (pumice) machine ever produced in Turkey.<\/p><\/div><\/div>\t\t<\/div>\n\t\t\t\t<\/div>\n\t\t\t\t<div class=\"elementor-element elementor-element-bf88c42 elementor-position-top elementor-widget elementor-widget-image-box\" data-id=\"bf88c42\" data-element_type=\"widget\" data-widget_type=\"image-box.default\">\n\t\t\t\t<div class=\"elementor-widget-container\">\n\t\t\t<div class=\"elementor-image-box-wrapper\"><div class=\"elementor-image-framed\"><figure class=\"elementor-image-box-img\"><a href=\"https:\/\/ardenmakina.com\/en\/our-products\/cobblestone-curb-and-briquette-production-machines\/quattro-4x4-turbo\/\"><img fetchpriority=\"high\" decoding=\"async\" width=\"690\" height=\"340\" src=\"https:\/\/ardenmakina.com\/wp-content\/uploads\/2025\/03\/CS-42-QUATTRO-8X8-PLUS-KIRMIZI-690x340.webp\" class=\"attachment-editech-featured-image-blog size-editech-featured-image-blog wp-image-5787\" alt=\"\" \/><\/a><\/figure><\/div><div class=\"elementor-image-box-content\"><h3 class=\"elementor-image-box-title\"><a href=\"https:\/\/ardenmakina.com\/en\/our-products\/cobblestone-curb-and-briquette-production-machines\/quattro-4x4-turbo\/\">QUATTRO 4X4 TURBO<\/a><\/h3><p class=\"elementor-image-box-description\">It is the fastest and most powerful single row automatic 42 paver and 18 Biriket (pumice) machine ever produced in Turkey.<\/p><\/div><\/div>\t\t<\/div>\n\t\t\t\t<\/div>\n\t\t\t\t<\/div>\n\t\t<div class=\"elementor-element elementor-element-302152ce e-con-full e-flex e-con e-parent\" data-id=\"302152ce\" data-element_type=\"container\">\n\t\t\t\t<div class=\"elementor-element elementor-element-48ea011f elementor-position-top elementor-widget elementor-widget-image-box\" data-id=\"48ea011f\" data-element_type=\"widget\" data-widget_type=\"image-box.default\">\n\t\t\t\t<div class=\"elementor-widget-container\">\n\t\t\t<div class=\"elementor-image-box-wrapper\"><div class=\"elementor-image-framed\"><figure class=\"elementor-image-box-img\"><a href=\"https:\/\/ardenmakina.com\/en\/our-products\/cobblestone-curb-and-briquette-production-machines\/quattro-8x8-plus\/\"><img fetchpriority=\"high\" decoding=\"async\" width=\"690\" height=\"340\" src=\"https:\/\/ardenmakina.com\/wp-content\/uploads\/2025\/03\/CS-42-QUATTRO-8X8-PLUS-KIRMIZI-690x340.webp\" class=\"attachment-editech-featured-image-blog size-editech-featured-image-blog wp-image-5787\" alt=\"\" \/><\/a><\/figure><\/div><div class=\"elementor-image-box-content\"><h3 class=\"elementor-image-box-title\"><a href=\"https:\/\/ardenmakina.com\/en\/our-products\/cobblestone-curb-and-briquette-production-machines\/quattro-8x8-plus\/\">QUATTRO 8X8 PLUS <\/a><\/h3><p class=\"elementor-image-box-description\">It is the fastest and most powerful single row automatic 42 paver and 18 Biriket (pumice) machine ever produced in Turkey.<\/p><\/div><\/div>\t\t<\/div>\n\t\t\t\t<\/div>\n\t\t\t\t<div class=\"elementor-element elementor-element-4efcff96 elementor-position-top elementor-widget elementor-widget-image-box\" data-id=\"4efcff96\" data-element_type=\"widget\" data-widget_type=\"image-box.default\">\n\t\t\t\t<div class=\"elementor-widget-container\">\n\t\t\t<div class=\"elementor-image-box-wrapper\"><div class=\"elementor-image-framed\"><figure class=\"elementor-image-box-img\"><a href=\"https:\/\/ardenmakina.com\/en\/our-products\/cobblestone-curb-and-briquette-production-machines\/quattro-6x6-turbo\/\"><img fetchpriority=\"high\" decoding=\"async\" width=\"690\" height=\"340\" src=\"https:\/\/ardenmakina.com\/wp-content\/uploads\/2025\/03\/CS-42-QUATTRO-8X8-PLUS-KIRMIZI-690x340.webp\" class=\"attachment-editech-featured-image-blog size-editech-featured-image-blog wp-image-5787\" alt=\"\" \/><\/a><\/figure><\/div><div class=\"elementor-image-box-content\"><h3 class=\"elementor-image-box-title\"><a href=\"https:\/\/ardenmakina.com\/en\/our-products\/cobblestone-curb-and-briquette-production-machines\/quattro-6x6-turbo\/\">QUATTRO 6X6 TURBO<\/a><\/h3><p class=\"elementor-image-box-description\">It is the fastest and most powerful single row automatic 42 paver and 18 Biriket (pumice) machine ever produced in Turkey.<\/p><\/div><\/div>\t\t<\/div>\n\t\t\t\t<\/div>\n\t\t\t\t<div class=\"elementor-element elementor-element-2ffd2470 elementor-position-top elementor-widget elementor-widget-image-box\" data-id=\"2ffd2470\" data-element_type=\"widget\" data-widget_type=\"image-box.default\">\n\t\t\t\t<div class=\"elementor-widget-container\">\n\t\t\t<div class=\"elementor-image-box-wrapper\"><div class=\"elementor-image-framed\"><figure class=\"elementor-image-box-img\"><a href=\"https:\/\/ardenmakina.com\/en\/our-products\/cobblestone-curb-and-briquette-production-machines\/quattro-4x4-turbo\/\"><img fetchpriority=\"high\" decoding=\"async\" width=\"690\" height=\"340\" src=\"https:\/\/ardenmakina.com\/wp-content\/uploads\/2025\/03\/CS-42-QUATTRO-8X8-PLUS-KIRMIZI-690x340.webp\" class=\"attachment-editech-featured-image-blog size-editech-featured-image-blog wp-image-5787\" alt=\"\" \/><\/a><\/figure><\/div><div class=\"elementor-image-box-content\"><h3 class=\"elementor-image-box-title\"><a href=\"https:\/\/ardenmakina.com\/en\/our-products\/cobblestone-curb-and-briquette-production-machines\/quattro-4x4-turbo\/\">QUATTRO 4X4 TURBO<\/a><\/h3><p class=\"elementor-image-box-description\">It is the fastest and most powerful single row automatic 42 paver and 18 Biriket (pumice) machine ever produced in Turkey.<\/p><\/div><\/div>\t\t<\/div>\n\t\t\t\t<\/div>\n\t\t\t\t<\/div>\n\t\t\t\t<\/div>","protected":false},"excerpt":{"rendered":"<p>QUATTRO 8X8 PLUS T\u00fcrkiye\u2018de bu g\u00fcne kadar \u00fcretilmi\u015f en h\u0131zl\u0131 ve en g\u00fc\u00e7l\u00fc tek s\u0131ra otomatik 42\u2019li parke ve 18\u2019li Biriket (bims) makinas\u0131d\u0131r. QUATTRO 6X6 TURBO T\u00fcrkiye\u2018de bu g\u00fcne kadar \u00fcretilmi\u015f en h\u0131zl\u0131 ve en g\u00fc\u00e7l\u00fc tek s\u0131ra otomatik 42\u2019li parke ve 18\u2019li Biriket (bims) makinas\u0131d\u0131r. QUATTRO 4X4 TURBO T\u00fcrkiye\u2018de bu g\u00fcne kadar \u00fcretilmi\u015f en &hellip; <\/p>\n<p class=\"more-link-wrap\"><a href=\"https:\/\/ardenmakina.com\/en\/our-products\/surface-treatment-machines\/\" class=\"more-link\"><span>Read More<span class=\"screen-reader-text\"> &#8220;Y\u00fczey \u0130\u015fleme Makineleri&#8221;<\/span><\/span><i class=\"opal-icon-arrow-right\" aria-hidden=\"true\"><\/i><\/a><\/p>","protected":false},"author":1,"featured_media":0,"parent":617,"menu_order":0,"comment_status":"closed","ping_status":"closed","template":"","meta":{"inline_featured_image":false,"footnotes":""},"class_list":["post-3275","page","type-page","status-publish","hentry"],"_links":{"self":[{"href":"https:\/\/ardenmakina.com\/en\/wp-json\/wp\/v2\/pages\/3275","targetHints":{"allow":["GET"]}}],"collection":[{"href":"https:\/\/ardenmakina.com\/en\/wp-json\/wp\/v2\/pages"}],"about":[{"href":"https:\/\/ardenmakina.com\/en\/wp-json\/wp\/v2\/types\/page"}],"author":[{"embeddable":true,"href":"https:\/\/ardenmakina.com\/en\/wp-json\/wp\/v2\/users\/1"}],"replies":[{"embeddable":true,"href":"https:\/\/ardenmakina.com\/en\/wp-json\/wp\/v2\/comments?post=3275"}],"version-history":[{"count":11,"href":"https:\/\/ardenmakina.com\/en\/wp-json\/wp\/v2\/pages\/3275\/revisions"}],"predecessor-version":[{"id":5840,"href":"https:\/\/ardenmakina.com\/en\/wp-json\/wp\/v2\/pages\/3275\/revisions\/5840"}],"up":[{"embeddable":true,"href":"https:\/\/ardenmakina.com\/en\/wp-json\/wp\/v2\/pages\/617"}],"wp:attachment":[{"href":"https:\/\/ardenmakina.com\/en\/wp-json\/wp\/v2\/media?parent=3275"}],"curies":[{"name":"wp","href":"https:\/\/api.w.org\/{rel}","templated":true}]}}