{"id":5786,"date":"2025-03-10T23:39:22","date_gmt":"2025-03-10T20:39:22","guid":{"rendered":"https:\/\/ardenmakina.zerowebdemo.com\/?page_id=5786"},"modified":"2025-03-10T23:56:41","modified_gmt":"2025-03-10T20:56:41","slug":"quattro-8x8-plus","status":"publish","type":"page","link":"https:\/\/ardenmakina.com\/de\/unsere-produkte\/maschinen-zur-herstellung-von-pflastersteinen-bordsteinen-und-briketts\/quattro-8x8-plus\/","title":{"rendered":"QUATTRO 8X8 PLUS"},"content":{"rendered":"<div data-elementor-type=\"wp-page\" data-elementor-id=\"5786\" class=\"elementor elementor-5786\">\n\t\t\t\t<div class=\"elementor-element elementor-element-e6a8d64 e-con-full e-flex e-con e-parent\" data-id=\"e6a8d64\" data-element_type=\"container\">\n\t\t<div class=\"elementor-element elementor-element-253a55e e-con-full e-flex e-con e-child\" data-id=\"253a55e\" data-element_type=\"container\">\n\t\t\t\t<div class=\"elementor-element elementor-element-75d6702 elementor-position-below elementor-widget elementor-widget-heading\" data-id=\"75d6702\" data-element_type=\"widget\" data-widget_type=\"heading.default\">\n\t\t\t\t<div class=\"elementor-widget-container\">\n\t\t\t<style>\/*! elementor - v3.23.0 - 15-07-2024 *\/\n.elementor-heading-title{padding:0;margin:0;line-height:1}.elementor-widget-heading .elementor-heading-title[class*=elementor-size-]>a{color:inherit;font-size:inherit;line-height:inherit}.elementor-widget-heading .elementor-heading-title.elementor-size-small{font-size:15px}.elementor-widget-heading .elementor-heading-title.elementor-size-medium{font-size:19px}.elementor-widget-heading .elementor-heading-title.elementor-size-large{font-size:29px}.elementor-widget-heading .elementor-heading-title.elementor-size-xl{font-size:39px}.elementor-widget-heading .elementor-heading-title.elementor-size-xxl{font-size:59px}<\/style><div class=\"elementor-heading-wrapper\" ><div class=\"elementor-heading-wrapper-inner\"><h2 class=\"elementor-heading-title elementor-size-default\">Technische Daten<\/h2><\/div><\/div>\t\t<\/div>\n\t\t\t\t<\/div>\n\t\t\t\t<div class=\"elementor-element elementor-element-af649f2 elementor-widget elementor-widget-text-editor\" data-id=\"af649f2\" data-element_type=\"widget\" data-widget_type=\"text-editor.default\">\n\t\t\t\t<div class=\"elementor-widget-container\">\n\t\t\t<style>\/*! elementor - v3.23.0 - 15-07-2024 *\/\n.elementor-widget-text-editor.elementor-drop-cap-view-stacked .elementor-drop-cap{background-color:#69727d;color:#fff}.elementor-widget-text-editor.elementor-drop-cap-view-framed .elementor-drop-cap{color:#69727d;border:3px solid;background-color:transparent}.elementor-widget-text-editor:not(.elementor-drop-cap-view-default) .elementor-drop-cap{margin-top:8px}.elementor-widget-text-editor:not(.elementor-drop-cap-view-default) .elementor-drop-cap-letter{width:1em;height:1em}.elementor-widget-text-editor .elementor-drop-cap{float:left;text-align:center;line-height:1;font-size:50px}.elementor-widget-text-editor .elementor-drop-cap-letter{display:inline-block}<\/style>        <div class=\"elementor-text-editor elementor-clearfix\"><table><tbody><tr><td>Fassungsverm\u00f6gen Pflasterstein<\/td><td>1.500-1.800 m\u00b2\/8 Stunden<\/td><\/tr><tr><td>Fassungsverm\u00f6gen 20x40x20 Brikett<\/td><td>25.000-30.000 St\u00fcck\/8 Stunden<\/td><\/tr><tr><td>Produktionsh\u00f6he Brikett<\/td><td>40-400 mm<\/td><\/tr><tr><td>Hydraulische Leistung<\/td><td>140 kW<\/td><\/tr><tr><td>Abmessungen der Paletten<\/td><td>1350 x 1400 (1500)<\/td><\/tr><tr><td>Arbeitsdruck<\/td><td>180-200 bar<\/td><\/tr><tr><td>K\u00f6rpergewicht<\/td><td>48.000 kg<\/td><\/tr><\/tbody><\/table><\/div>\n        \t\t<\/div>\n\t\t\t\t<\/div>\n\t\t\t\t<\/div>\n\t\t<div class=\"elementor-element elementor-element-1ef14bb e-con-full e-flex e-con e-child\" data-id=\"1ef14bb\" data-element_type=\"container\">\n\t\t\t\t<div class=\"elementor-element elementor-element-f1ba268 elementor-widget elementor-widget-image\" data-id=\"f1ba268\" data-element_type=\"widget\" data-widget_type=\"image.default\">\n\t\t\t\t<div class=\"elementor-widget-container\">\n\t\t\t<style>\/*! elementor - v3.23.0 - 15-07-2024 *\/\n.elementor-widget-image{text-align:center}.elementor-widget-image a{display:inline-block}.elementor-widget-image a img[src$=\".svg\"]{width:48px}.elementor-widget-image img{vertical-align:middle;display:inline-block}<\/style>\t\t\t\t\t\t\t\t\t\t<img fetchpriority=\"high\" decoding=\"async\" width=\"600\" height=\"377\" src=\"https:\/\/ardenmakina.com\/wp-content\/uploads\/2025\/03\/CS-42-QUATTRO-8X8-PLUS-KIRMIZI-1024x643.webp\" class=\"attachment-large size-large wp-image-5787\" alt=\"\" srcset=\"https:\/\/ardenmakina.com\/wp-content\/uploads\/2025\/03\/CS-42-QUATTRO-8X8-PLUS-KIRMIZI-1024x643.webp 1024w, https:\/\/ardenmakina.com\/wp-content\/uploads\/2025\/03\/CS-42-QUATTRO-8X8-PLUS-KIRMIZI-300x188.webp 300w, https:\/\/ardenmakina.com\/wp-content\/uploads\/2025\/03\/CS-42-QUATTRO-8X8-PLUS-KIRMIZI-768x482.webp 768w, https:\/\/ardenmakina.com\/wp-content\/uploads\/2025\/03\/CS-42-QUATTRO-8X8-PLUS-KIRMIZI-1536x964.webp 1536w, https:\/\/ardenmakina.com\/wp-content\/uploads\/2025\/03\/CS-42-QUATTRO-8X8-PLUS-KIRMIZI-700x439.webp 700w, https:\/\/ardenmakina.com\/wp-content\/uploads\/2025\/03\/CS-42-QUATTRO-8X8-PLUS-KIRMIZI.webp 1721w\" sizes=\"(max-width: 600px) 100vw, 600px\" \/>\t\t\t\t\t\t\t\t\t\t\t\t\t<\/div>\n\t\t\t\t<\/div>\n\t\t\t\t<\/div>\n\t\t\t\t<\/div>\n\t\t\t\t<section class=\"elementor-section elementor-top-section elementor-element elementor-element-26e5b2e elementor-section-stretched elementor-section-boxed elementor-section-height-default elementor-section-height-default\" data-id=\"26e5b2e\" data-element_type=\"section\" data-settings=\"{&quot;stretch_section&quot;:&quot;section-stretched&quot;}\">\n\t\t\t\t\t\t<div class=\"elementor-container elementor-column-gap-no\">\n\t\t\t\t\t<div class=\"elementor-column elementor-col-66 elementor-top-column elementor-element elementor-element-1cd7afe\" data-id=\"1cd7afe\" data-element_type=\"column\">\n\t\t\t<div class=\"elementor-widget-wrap elementor-element-populated\">\n\t\t\t\t\t\t<div class=\"elementor-element elementor-element-5b5d8a5 elementor-tabs-view-horizontal elementor-widget elementor-widget-tabs\" data-id=\"5b5d8a5\" data-element_type=\"widget\" data-widget_type=\"tabs.default\">\n\t\t\t\t<div class=\"elementor-widget-container\">\n\t\t\t<style>\/*! elementor - v3.23.0 - 15-07-2024 *\/\n.elementor-widget-tabs.elementor-tabs-view-vertical .elementor-tabs-wrapper{width:25%;flex-shrink:0}.elementor-widget-tabs.elementor-tabs-view-vertical .elementor-tab-desktop-title.elementor-active{border-inline-end-style:none}.elementor-widget-tabs.elementor-tabs-view-vertical .elementor-tab-desktop-title.elementor-active:after,.elementor-widget-tabs.elementor-tabs-view-vertical .elementor-tab-desktop-title.elementor-active:before{height:999em;width:0;right:0;border-inline-end-style:solid}.elementor-widget-tabs.elementor-tabs-view-vertical .elementor-tab-desktop-title.elementor-active:before{top:0;transform:translateY(-100%)}.elementor-widget-tabs.elementor-tabs-view-vertical .elementor-tab-desktop-title.elementor-active:after{top:100%}.elementor-widget-tabs.elementor-tabs-view-horizontal .elementor-tab-desktop-title{display:table-cell}.elementor-widget-tabs.elementor-tabs-view-horizontal .elementor-tab-desktop-title.elementor-active{border-bottom-style:none}.elementor-widget-tabs.elementor-tabs-view-horizontal .elementor-tab-desktop-title.elementor-active:after,.elementor-widget-tabs.elementor-tabs-view-horizontal .elementor-tab-desktop-title.elementor-active:before{bottom:0;height:0;width:999em;border-bottom-style:solid}.elementor-widget-tabs.elementor-tabs-view-horizontal .elementor-tab-desktop-title.elementor-active:before{right:100%}.elementor-widget-tabs.elementor-tabs-view-horizontal .elementor-tab-desktop-title.elementor-active:after{left:100%}.elementor-widget-tabs .elementor-tab-content,.elementor-widget-tabs .elementor-tab-title,.elementor-widget-tabs .elementor-tab-title:after,.elementor-widget-tabs .elementor-tab-title:before,.elementor-widget-tabs .elementor-tabs-content-wrapper{border:1px #d5d8dc}.elementor-widget-tabs .elementor-tabs{text-align:start}.elementor-widget-tabs .elementor-tabs-wrapper{overflow:hidden}.elementor-widget-tabs .elementor-tab-title{cursor:pointer;outline:var(--focus-outline,none)}.elementor-widget-tabs .elementor-tab-desktop-title{position:relative;padding:20px 25px;font-weight:700;line-height:1;border:solid transparent}.elementor-widget-tabs .elementor-tab-desktop-title.elementor-active{border-color:#d5d8dc}.elementor-widget-tabs .elementor-tab-desktop-title.elementor-active:after,.elementor-widget-tabs .elementor-tab-desktop-title.elementor-active:before{display:block;content:\"\";position:absolute}.elementor-widget-tabs .elementor-tab-desktop-title:focus-visible{border:1px solid #000}.elementor-widget-tabs .elementor-tab-mobile-title{padding:10px;cursor:pointer}.elementor-widget-tabs .elementor-tab-content{padding:20px;display:none}@media (max-width:767px){.elementor-tabs .elementor-tab-content,.elementor-tabs .elementor-tab-title{border-style:solid solid none}.elementor-tabs .elementor-tabs-wrapper{display:none}.elementor-tabs .elementor-tabs-content-wrapper{border-bottom-style:solid}.elementor-tabs .elementor-tab-content{padding:10px}}@media (min-width:768px){.elementor-widget-tabs.elementor-tabs-view-vertical .elementor-tabs{display:flex}.elementor-widget-tabs.elementor-tabs-view-vertical .elementor-tabs-wrapper{flex-direction:column}.elementor-widget-tabs.elementor-tabs-view-vertical .elementor-tabs-content-wrapper{flex-grow:1;border-style:solid solid solid none}.elementor-widget-tabs.elementor-tabs-view-horizontal .elementor-tab-content{border-style:none solid solid}.elementor-widget-tabs.elementor-tabs-alignment-center .elementor-tabs-wrapper,.elementor-widget-tabs.elementor-tabs-alignment-end .elementor-tabs-wrapper,.elementor-widget-tabs.elementor-tabs-alignment-stretch .elementor-tabs-wrapper{display:flex}.elementor-widget-tabs.elementor-tabs-alignment-center .elementor-tabs-wrapper{justify-content:center}.elementor-widget-tabs.elementor-tabs-alignment-end .elementor-tabs-wrapper{justify-content:flex-end}.elementor-widget-tabs.elementor-tabs-alignment-stretch.elementor-tabs-view-horizontal .elementor-tab-title{width:100%}.elementor-widget-tabs.elementor-tabs-alignment-stretch.elementor-tabs-view-vertical .elementor-tab-title{height:100%}.elementor-tabs .elementor-tab-mobile-title{display:none}}<\/style>\t\t<div class=\"elementor-tabs\">\n\t\t\t<div class=\"elementor-tabs-wrapper\" role=\"tablist\" >\n\t\t\t\t\t\t\t\t\t<div id=\"elementor-tab-title-9581\" class=\"elementor-tab-title elementor-tab-desktop-title\" aria-selected=\"true\" data-tab=\"1\" role=\"tab\" tabindex=\"0\" aria-controls=\"elementor-tab-content-9581\" aria-expanded=\"false\">Beschreibung des Produkts<\/div>\n\t\t\t\t\t\t\t\t\t<div id=\"elementor-tab-title-9582\" class=\"elementor-tab-title elementor-tab-desktop-title\" aria-selected=\"false\" data-tab=\"2\" role=\"tab\" tabindex=\"-1\" aria-controls=\"elementor-tab-content-9582\" aria-expanded=\"false\">Technische Daten<\/div>\n\t\t\t\t\t\t\t\t\t<div id=\"elementor-tab-title-9583\" class=\"elementor-tab-title elementor-tab-desktop-title\" aria-selected=\"false\" data-tab=\"3\" role=\"tab\" tabindex=\"-1\" aria-controls=\"elementor-tab-content-9583\" aria-expanded=\"false\">Was k\u00f6nnen Sie tun?<\/div>\n\t\t\t\t\t\t\t<\/div>\n\t\t\t<div class=\"elementor-tabs-content-wrapper\" role=\"tablist\" aria-orientation=\"vertical\">\n\t\t\t\t\t\t\t\t\t<div class=\"elementor-tab-title elementor-tab-mobile-title\" aria-selected=\"true\" data-tab=\"1\" role=\"tab\" tabindex=\"0\" aria-controls=\"elementor-tab-content-9581\" aria-expanded=\"false\">Beschreibung des Produkts<\/div>\n\t\t\t\t\t<div id=\"elementor-tab-content-9581\" class=\"elementor-tab-content elementor-clearfix\" data-tab=\"1\" role=\"tabpanel\" aria-labelledby=\"elementor-tab-title-9581\" tabindex=\"0\" hidden=\"false\"><p>Sie ist die schnellste und leistungsst\u00e4rkste einreihige automatische 42-Pflaster- und 18-Biriket-Maschine, die je in der T\u00fcrkei hergestellt wurde. Mit dem vollautomatischen Formenwechselsystem kann die Produktion mit einer neuen Form in maximal 15 Minuten aufgenommen werden. In dieser Maschine ist das ber\u00fchmte \"Vibro-180\"-Modell von Ermak, das seit 20 Jahren erfolgreich eingesetzt und von den Kunden mit Bestnoten bewertet wird, mit 180 KNT Leistung, automatischer Schmierung und einem st\u00f6rungsfreien Vibrationssystem ausgestattet.<\/p><\/div>\n\t\t\t\t\t\t\t\t\t<div class=\"elementor-tab-title elementor-tab-mobile-title\" aria-selected=\"false\" data-tab=\"2\" role=\"tab\" tabindex=\"-1\" aria-controls=\"elementor-tab-content-9582\" aria-expanded=\"false\">Technische Daten<\/div>\n\t\t\t\t\t<div id=\"elementor-tab-content-9582\" class=\"elementor-tab-content elementor-clearfix\" data-tab=\"2\" role=\"tabpanel\" aria-labelledby=\"elementor-tab-title-9582\" tabindex=\"0\" hidden=\"hidden\"><table><tbody><tr><td>Fassungsverm\u00f6gen Pflasterstein<\/td><td>1.500-1.800 m\u00b2\/8 Stunden<\/td><\/tr><tr><td>Fassungsverm\u00f6gen 20x40x20 Brikett<\/td><td>25.000-30.000 St\u00fcck\/8 Stunden<\/td><\/tr><tr><td>Produktionsh\u00f6he Brikett<\/td><td>40-400 mm<\/td><\/tr><tr><td>Hydraulische Leistung<\/td><td>140 kW<\/td><\/tr><tr><td>Abmessungen der Paletten<\/td><td>1350 x 1400 (1500)<\/td><\/tr><tr><td>Arbeitsdruck<\/td><td>180-200 bar<\/td><\/tr><tr><td>K\u00f6rpergewicht<\/td><td>48.000 kg<\/td><\/tr><\/tbody><\/table><\/div>\n\t\t\t\t\t\t\t\t\t<div class=\"elementor-tab-title elementor-tab-mobile-title\" aria-selected=\"false\" data-tab=\"3\" role=\"tab\" tabindex=\"-1\" aria-controls=\"elementor-tab-content-9583\" aria-expanded=\"false\">Was k\u00f6nnen Sie tun?<\/div>\n\t\t\t\t\t<div id=\"elementor-tab-content-9583\" class=\"elementor-tab-content elementor-clearfix\" data-tab=\"3\" role=\"tabpanel\" aria-labelledby=\"elementor-tab-title-9583\" tabindex=\"0\" hidden=\"hidden\"><p><div id='gallery-1' class='gallery galleryid-5786 gallery-columns-6 gallery-size-thumbnail'><figure class='gallery-item'>\n\t\t\t<div class='gallery-icon landscape'>\n\t\t\t\t<a href='https:\/\/ardenmakina.com\/wp-content\/uploads\/2025\/03\/1-1-scaled.webp'><img decoding=\"async\" width=\"150\" height=\"150\" src=\"https:\/\/ardenmakina.com\/wp-content\/uploads\/2025\/03\/1-1-150x150.webp\" class=\"attachment-thumbnail size-thumbnail\" alt=\"\" srcset=\"https:\/\/ardenmakina.com\/wp-content\/uploads\/2025\/03\/1-1-150x150.webp 150w, https:\/\/ardenmakina.com\/wp-content\/uploads\/2025\/03\/1-1-100x100.webp 100w\" sizes=\"(max-width: 150px) 100vw, 150px\" \/><\/a>\n\t\t\t<\/div><\/figure><figure class='gallery-item'>\n\t\t\t<div class='gallery-icon landscape'>\n\t\t\t\t<a href='https:\/\/ardenmakina.com\/wp-content\/uploads\/2025\/03\/1.webp'><img decoding=\"async\" width=\"150\" height=\"150\" src=\"https:\/\/ardenmakina.com\/wp-content\/uploads\/2025\/03\/1-150x150.webp\" class=\"attachment-thumbnail size-thumbnail\" alt=\"\" srcset=\"https:\/\/ardenmakina.com\/wp-content\/uploads\/2025\/03\/1-150x150.webp 150w, https:\/\/ardenmakina.com\/wp-content\/uploads\/2025\/03\/1-100x100.webp 100w\" sizes=\"(max-width: 150px) 100vw, 150px\" \/><\/a>\n\t\t\t<\/div><\/figure><figure class='gallery-item'>\n\t\t\t<div class='gallery-icon portrait'>\n\t\t\t\t<a href='https:\/\/ardenmakina.com\/wp-content\/uploads\/2025\/03\/2-scaled.webp'><img loading=\"lazy\" decoding=\"async\" width=\"150\" height=\"150\" src=\"https:\/\/ardenmakina.com\/wp-content\/uploads\/2025\/03\/2-150x150.webp\" class=\"attachment-thumbnail size-thumbnail\" alt=\"\" srcset=\"https:\/\/ardenmakina.com\/wp-content\/uploads\/2025\/03\/2-150x150.webp 150w, https:\/\/ardenmakina.com\/wp-content\/uploads\/2025\/03\/2-100x100.webp 100w\" sizes=\"(max-width: 150px) 100vw, 150px\" \/><\/a>\n\t\t\t<\/div><\/figure><figure class='gallery-item'>\n\t\t\t<div class='gallery-icon portrait'>\n\t\t\t\t<a href='https:\/\/ardenmakina.com\/wp-content\/uploads\/2025\/03\/3-scaled.webp'><img loading=\"lazy\" decoding=\"async\" width=\"150\" height=\"150\" src=\"https:\/\/ardenmakina.com\/wp-content\/uploads\/2025\/03\/3-150x150.webp\" class=\"attachment-thumbnail size-thumbnail\" alt=\"\" srcset=\"https:\/\/ardenmakina.com\/wp-content\/uploads\/2025\/03\/3-150x150.webp 150w, https:\/\/ardenmakina.com\/wp-content\/uploads\/2025\/03\/3-100x100.webp 100w\" sizes=\"(max-width: 150px) 100vw, 150px\" \/><\/a>\n\t\t\t<\/div><\/figure><figure class='gallery-item'>\n\t\t\t<div class='gallery-icon portrait'>\n\t\t\t\t<a href='https:\/\/ardenmakina.com\/wp-content\/uploads\/2025\/03\/4-scaled.webp'><img loading=\"lazy\" decoding=\"async\" width=\"150\" height=\"150\" src=\"https:\/\/ardenmakina.com\/wp-content\/uploads\/2025\/03\/4-150x150.webp\" class=\"attachment-thumbnail size-thumbnail\" alt=\"\" srcset=\"https:\/\/ardenmakina.com\/wp-content\/uploads\/2025\/03\/4-150x150.webp 150w, https:\/\/ardenmakina.com\/wp-content\/uploads\/2025\/03\/4-100x100.webp 100w\" sizes=\"(max-width: 150px) 100vw, 150px\" \/><\/a>\n\t\t\t<\/div><\/figure><figure class='gallery-item'>\n\t\t\t<div class='gallery-icon portrait'>\n\t\t\t\t<a href='https:\/\/ardenmakina.com\/wp-content\/uploads\/2025\/03\/5.jpeg'><img loading=\"lazy\" decoding=\"async\" width=\"150\" height=\"150\" src=\"https:\/\/ardenmakina.com\/wp-content\/uploads\/2025\/03\/5-150x150.jpeg\" class=\"attachment-thumbnail size-thumbnail\" alt=\"\" srcset=\"https:\/\/ardenmakina.com\/wp-content\/uploads\/2025\/03\/5-150x150.jpeg 150w, https:\/\/ardenmakina.com\/wp-content\/uploads\/2025\/03\/5-100x100.jpeg 100w\" sizes=\"(max-width: 150px) 100vw, 150px\" \/><\/a>\n\t\t\t<\/div><\/figure><figure class='gallery-item'>\n\t\t\t<div class='gallery-icon portrait'>\n\t\t\t\t<a href='https:\/\/ardenmakina.com\/wp-content\/uploads\/2025\/03\/8-scaled.webp'><img loading=\"lazy\" decoding=\"async\" width=\"150\" height=\"150\" src=\"https:\/\/ardenmakina.com\/wp-content\/uploads\/2025\/03\/8-150x150.webp\" class=\"attachment-thumbnail size-thumbnail\" alt=\"\" srcset=\"https:\/\/ardenmakina.com\/wp-content\/uploads\/2025\/03\/8-150x150.webp 150w, https:\/\/ardenmakina.com\/wp-content\/uploads\/2025\/03\/8-100x100.webp 100w\" sizes=\"(max-width: 150px) 100vw, 150px\" \/><\/a>\n\t\t\t<\/div><\/figure><figure class='gallery-item'>\n\t\t\t<div class='gallery-icon portrait'>\n\t\t\t\t<a href='https:\/\/ardenmakina.com\/wp-content\/uploads\/2025\/03\/9-scaled.webp'><img loading=\"lazy\" decoding=\"async\" width=\"150\" height=\"150\" src=\"https:\/\/ardenmakina.com\/wp-content\/uploads\/2025\/03\/9-150x150.webp\" class=\"attachment-thumbnail size-thumbnail\" alt=\"\" srcset=\"https:\/\/ardenmakina.com\/wp-content\/uploads\/2025\/03\/9-150x150.webp 150w, https:\/\/ardenmakina.com\/wp-content\/uploads\/2025\/03\/9-100x100.webp 100w\" sizes=\"(max-width: 150px) 100vw, 150px\" \/><\/a>\n\t\t\t<\/div><\/figure><figure class='gallery-item'>\n\t\t\t<div class='gallery-icon landscape'>\n\t\t\t\t<a href='https:\/\/ardenmakina.com\/wp-content\/uploads\/2025\/03\/11.webp'><img loading=\"lazy\" decoding=\"async\" width=\"150\" height=\"150\" src=\"https:\/\/ardenmakina.com\/wp-content\/uploads\/2025\/03\/11-150x150.webp\" class=\"attachment-thumbnail size-thumbnail\" alt=\"\" srcset=\"https:\/\/ardenmakina.com\/wp-content\/uploads\/2025\/03\/11-150x150.webp 150w, https:\/\/ardenmakina.com\/wp-content\/uploads\/2025\/03\/11-100x100.webp 100w\" sizes=\"(max-width: 150px) 100vw, 150px\" \/><\/a>\n\t\t\t<\/div><\/figure><figure class='gallery-item'>\n\t\t\t<div class='gallery-icon landscape'>\n\t\t\t\t<a href='https:\/\/ardenmakina.com\/wp-content\/uploads\/2025\/03\/13.webp'><img loading=\"lazy\" decoding=\"async\" width=\"150\" height=\"150\" src=\"https:\/\/ardenmakina.com\/wp-content\/uploads\/2025\/03\/13-150x150.webp\" class=\"attachment-thumbnail size-thumbnail\" alt=\"\" srcset=\"https:\/\/ardenmakina.com\/wp-content\/uploads\/2025\/03\/13-150x150.webp 150w, https:\/\/ardenmakina.com\/wp-content\/uploads\/2025\/03\/13-100x100.webp 100w\" sizes=\"(max-width: 150px) 100vw, 150px\" \/><\/a>\n\t\t\t<\/div><\/figure>\n\t\t<\/div>\n<\/p><\/div>\n\t\t\t\t\t\t\t<\/div>\n\t\t<\/div>\n\t\t\t\t<\/div>\n\t\t\t\t<\/div>\n\t\t\t\t\t<\/div>\n\t\t<\/div>\n\t\t\t\t<div class=\"elementor-column elementor-col-33 elementor-top-column elementor-element elementor-element-d8d339b\" data-id=\"d8d339b\" data-element_type=\"column\">\n\t\t\t<div class=\"elementor-widget-wrap elementor-element-populated\">\n\t\t\t\t\t\t<section class=\"elementor-section elementor-inner-section elementor-element elementor-element-c8c5826 elementor-section-boxed elementor-section-height-default elementor-section-height-default\" data-id=\"c8c5826\" data-element_type=\"section\" data-settings=\"{&quot;background_background&quot;:&quot;classic&quot;}\">\n\t\t\t\t\t\t<div class=\"elementor-container elementor-column-gap-no\">\n\t\t\t\t\t<div class=\"elementor-column elementor-col-100 elementor-inner-column elementor-element elementor-element-3317b44\" data-id=\"3317b44\" data-element_type=\"column\">\n\t\t\t<div class=\"elementor-widget-wrap elementor-element-populated\">\n\t\t\t\t\t\t<div class=\"elementor-element elementor-element-438c3f7 elementor-nav-menu__align-left elementor-nav-menu--indicator-none elementor-widget elementor-widget-opal-nav-menu\" data-id=\"438c3f7\" data-element_type=\"widget\" data-settings=\"{&quot;layout&quot;:&quot;vertical&quot;}\" data-widget_type=\"opal-nav-menu.default\">\n\t\t\t\t<div class=\"elementor-widget-container\">\n\t\t\t        <nav data-submenusminwidth=\"260\" data-submenusmaxwidth=\"500\" class=\"elementor-nav-menu--main elementor-nav-menu__container elementor-nav-menu--layout-vertical e--pointer-dot e--animation-fade\">\n\t\t\t<ul id=\"menu-2-438c3f7\" class=\"elementor-nav-menu\"><li class=\"menu-item menu-item-type-post_type menu-item-object-page menu-item-3300\"><a href=\"https:\/\/ardenmakina.com\/de\/unsere-produkte\/betondosieranlagen\/\" class=\"elementor-item\">Betonmischanlagen<\/a><\/li>\n<li class=\"menu-item menu-item-type-post_type menu-item-object-page menu-item-3299\"><a href=\"https:\/\/ardenmakina.com\/de\/unsere-produkte\/handhabungs-und-verpackungsgerate\/\" class=\"elementor-item\">F\u00f6rder- und Verpackungsanlagen<\/a><\/li>\n<li class=\"menu-item menu-item-type-post_type menu-item-object-page menu-item-3296\"><a href=\"https:\/\/ardenmakina.com\/de\/unsere-produkte\/formen-fur-betonsteine\/\" class=\"elementor-item\">Betonstein-Formen<\/a><\/li>\n<li class=\"menu-item menu-item-type-post_type menu-item-object-page menu-item-3295\"><a href=\"https:\/\/ardenmakina.com\/de\/unsere-produkte\/maschinen-fur-die-oberflachenbearbeitung\/\" class=\"elementor-item\">Maschinen zur Oberfl\u00e4chenbehandlung<\/a><\/li>\n<li class=\"menu-item menu-item-type-post_type menu-item-object-page menu-item-3293\"><a href=\"https:\/\/ardenmakina.com\/de\/unsere-produkte\/maschinen-zur-herstellung-von-pflastersteinen-bordsteinen-und-briketts\/\" class=\"elementor-item\">Maschinen zur Herstellung von Verbundsteinpflaster, Bordsteinen und Briketts<\/a><\/li>\n<\/ul>        <\/nav>\n\t\t\t\t<\/div>\n\t\t\t\t<\/div>\n\t\t\t\t\t<\/div>\n\t\t<\/div>\n\t\t\t\t\t<\/div>\n\t\t<\/section>\n\t\t\t\t\t<\/div>\n\t\t<\/div>\n\t\t\t\t\t<\/div>\n\t\t<\/section>\n\t\t\t\t<\/div>","protected":false},"excerpt":{"rendered":"<p>Teknik \u00d6zellikler Kapasite: Parke Ta\u015f\u0131 1.500-1.800 m\u00b2\/8 saat Kapasite: 20x40x20 Briket 25.000-30.000 adet\/8 saat \u00dcretim Y\u00fcksekli\u011fi Briket 40-400 mm Hidrolik G\u00fcc\u00fc 140 kW Palet \u00d6l\u00e7\u00fcleri 1350 x 1400 (1500) \u00c7al\u0131\u015fma Bas\u0131nc\u0131 180-200 bar G\u00f6vde A\u011f\u0131rl\u0131\u011f\u0131 48.000 kg \u00dcr\u00fcn A\u00e7\u0131klamas\u0131 Teknik \u00d6zellikler Neler Yapabilirsiniz? \u00dcr\u00fcn A\u00e7\u0131klamas\u0131 T\u00fcrkiye\u2018de bu g\u00fcne kadar \u00fcretilmi\u015f en h\u0131zl\u0131 ve en g\u00fc\u00e7l\u00fc &hellip; <\/p>\n<p class=\"more-link-wrap\"><a href=\"https:\/\/ardenmakina.com\/de\/unsere-produkte\/maschinen-zur-herstellung-von-pflastersteinen-bordsteinen-und-briketts\/quattro-8x8-plus\/\" class=\"more-link\"><span>Mehr lesen<span class=\"screen-reader-text\"> &#8220;QUATTRO 8X8 PLUS&#8221;<\/span><\/span><i class=\"opal-icon-arrow-right\" aria-hidden=\"true\"><\/i><\/a><\/p>","protected":false},"author":1,"featured_media":0,"parent":3279,"menu_order":0,"comment_status":"closed","ping_status":"closed","template":"","meta":{"inline_featured_image":false,"footnotes":""},"class_list":["post-5786","page","type-page","status-publish","hentry"],"_links":{"self":[{"href":"https:\/\/ardenmakina.com\/de\/wp-json\/wp\/v2\/pages\/5786","targetHints":{"allow":["GET"]}}],"collection":[{"href":"https:\/\/ardenmakina.com\/de\/wp-json\/wp\/v2\/pages"}],"about":[{"href":"https:\/\/ardenmakina.com\/de\/wp-json\/wp\/v2\/types\/page"}],"author":[{"embeddable":true,"href":"https:\/\/ardenmakina.com\/de\/wp-json\/wp\/v2\/users\/1"}],"replies":[{"embeddable":true,"href":"https:\/\/ardenmakina.com\/de\/wp-json\/wp\/v2\/comments?post=5786"}],"version-history":[{"count":10,"href":"https:\/\/ardenmakina.com\/de\/wp-json\/wp\/v2\/pages\/5786\/revisions"}],"predecessor-version":[{"id":5846,"href":"https:\/\/ardenmakina.com\/de\/wp-json\/wp\/v2\/pages\/5786\/revisions\/5846"}],"up":[{"embeddable":true,"href":"https:\/\/ardenmakina.com\/de\/wp-json\/wp\/v2\/pages\/3279"}],"wp:attachment":[{"href":"https:\/\/ardenmakina.com\/de\/wp-json\/wp\/v2\/media?parent=5786"}],"curies":[{"name":"wp","href":"https:\/\/api.w.org\/{rel}","templated":true}]}}