{"id":3265,"date":"2021-03-16T04:17:27","date_gmt":"2021-03-16T04:17:27","guid":{"rendered":"http:\/\/source.wpopal.com\/editech\/?page_id=3265"},"modified":"2025-03-10T23:53:05","modified_gmt":"2025-03-10T20:53:05","slug":"beton-santralleri","status":"publish","type":"page","link":"https:\/\/ardenmakina.com\/de\/unsere-produkte\/betondosieranlagen\/","title":{"rendered":"Betonmischanlagen"},"content":{"rendered":"<div data-elementor-type=\"wp-page\" data-elementor-id=\"3265\" class=\"elementor elementor-3265\">\n\t\t\t\t<div class=\"elementor-element elementor-element-7f1d103 e-con-full e-flex e-con e-parent\" data-id=\"7f1d103\" data-element_type=\"container\">\n\t\t\t\t<div class=\"elementor-element elementor-element-5c6073ca elementor-position-top elementor-widget elementor-widget-image-box\" data-id=\"5c6073ca\" data-element_type=\"widget\" data-widget_type=\"image-box.default\">\n\t\t\t\t<div class=\"elementor-widget-container\">\n\t\t\t<style>\/*! elementor - v3.23.0 - 15-07-2024 *\/\n.elementor-widget-image-box .elementor-image-box-content{width:100%}@media (min-width:768px){.elementor-widget-image-box.elementor-position-left .elementor-image-box-wrapper,.elementor-widget-image-box.elementor-position-right .elementor-image-box-wrapper{display:flex}.elementor-widget-image-box.elementor-position-right .elementor-image-box-wrapper{text-align:end;flex-direction:row-reverse}.elementor-widget-image-box.elementor-position-left .elementor-image-box-wrapper{text-align:start;flex-direction:row}.elementor-widget-image-box.elementor-position-top .elementor-image-box-img{margin:auto}.elementor-widget-image-box.elementor-vertical-align-top .elementor-image-box-wrapper{align-items:flex-start}.elementor-widget-image-box.elementor-vertical-align-middle .elementor-image-box-wrapper{align-items:center}.elementor-widget-image-box.elementor-vertical-align-bottom .elementor-image-box-wrapper{align-items:flex-end}}@media (max-width:767px){.elementor-widget-image-box .elementor-image-box-img{margin-left:auto!important;margin-right:auto!important;margin-bottom:15px}}.elementor-widget-image-box .elementor-image-box-img{display:inline-block}.elementor-widget-image-box .elementor-image-box-title a{color:inherit}.elementor-widget-image-box .elementor-image-box-wrapper{text-align:center}.elementor-widget-image-box .elementor-image-box-description{margin:0}<\/style><div class=\"elementor-image-box-wrapper\"><div class=\"elementor-image-framed\"><figure class=\"elementor-image-box-img\"><a href=\"https:\/\/ardenmakina.com\/de\/unsere-produkte\/maschinen-zur-herstellung-von-pflastersteinen-bordsteinen-und-briketts\/quattro-8x8-plus\/\"><img fetchpriority=\"high\" decoding=\"async\" width=\"690\" height=\"340\" src=\"https:\/\/ardenmakina.com\/wp-content\/uploads\/2025\/03\/CS-42-QUATTRO-8X8-PLUS-KIRMIZI-690x340.webp\" class=\"attachment-editech-featured-image-blog size-editech-featured-image-blog wp-image-5787\" alt=\"\" \/><\/a><\/figure><\/div><div class=\"elementor-image-box-content\"><h3 class=\"elementor-image-box-title\"><a href=\"https:\/\/ardenmakina.com\/de\/unsere-produkte\/maschinen-zur-herstellung-von-pflastersteinen-bordsteinen-und-briketts\/quattro-8x8-plus\/\">QUATTRO 8X8 PLUS <\/a><\/h3><p class=\"elementor-image-box-description\">Sie ist die schnellste und leistungsst\u00e4rkste einreihige automatische 42-Pflaster- und 18-Bimsmaschine, die je in der T\u00fcrkei hergestellt wurde.<\/p><\/div><\/div>\t\t<\/div>\n\t\t\t\t<\/div>\n\t\t\t\t<div class=\"elementor-element elementor-element-6eb9cae3 elementor-position-top elementor-widget elementor-widget-image-box\" data-id=\"6eb9cae3\" data-element_type=\"widget\" data-widget_type=\"image-box.default\">\n\t\t\t\t<div class=\"elementor-widget-container\">\n\t\t\t<div class=\"elementor-image-box-wrapper\"><div class=\"elementor-image-framed\"><figure class=\"elementor-image-box-img\"><a href=\"https:\/\/ardenmakina.com\/de\/unsere-produkte\/maschinen-zur-herstellung-von-pflastersteinen-bordsteinen-und-briketts\/quattro-6x6-turbo\/\"><img fetchpriority=\"high\" decoding=\"async\" width=\"690\" height=\"340\" src=\"https:\/\/ardenmakina.com\/wp-content\/uploads\/2025\/03\/CS-42-QUATTRO-8X8-PLUS-KIRMIZI-690x340.webp\" class=\"attachment-editech-featured-image-blog size-editech-featured-image-blog wp-image-5787\" alt=\"\" \/><\/a><\/figure><\/div><div class=\"elementor-image-box-content\"><h3 class=\"elementor-image-box-title\"><a href=\"https:\/\/ardenmakina.com\/de\/unsere-produkte\/maschinen-zur-herstellung-von-pflastersteinen-bordsteinen-und-briketts\/quattro-6x6-turbo\/\">QUATTRO 6X6 TURBO<\/a><\/h3><p class=\"elementor-image-box-description\">Sie ist die schnellste und leistungsst\u00e4rkste einreihige automatische 42-Pflaster- und 18-Bimsmaschine, die je in der T\u00fcrkei hergestellt wurde.<\/p><\/div><\/div>\t\t<\/div>\n\t\t\t\t<\/div>\n\t\t\t\t<div class=\"elementor-element elementor-element-1e23212a elementor-position-top elementor-widget elementor-widget-image-box\" data-id=\"1e23212a\" data-element_type=\"widget\" data-widget_type=\"image-box.default\">\n\t\t\t\t<div class=\"elementor-widget-container\">\n\t\t\t<div class=\"elementor-image-box-wrapper\"><div class=\"elementor-image-framed\"><figure class=\"elementor-image-box-img\"><a href=\"https:\/\/ardenmakina.com\/de\/unsere-produkte\/maschinen-zur-herstellung-von-pflastersteinen-bordsteinen-und-briketts\/quattro-4x4-turbo\/\"><img fetchpriority=\"high\" decoding=\"async\" width=\"690\" height=\"340\" src=\"https:\/\/ardenmakina.com\/wp-content\/uploads\/2025\/03\/CS-42-QUATTRO-8X8-PLUS-KIRMIZI-690x340.webp\" class=\"attachment-editech-featured-image-blog size-editech-featured-image-blog wp-image-5787\" alt=\"\" \/><\/a><\/figure><\/div><div class=\"elementor-image-box-content\"><h3 class=\"elementor-image-box-title\"><a href=\"https:\/\/ardenmakina.com\/de\/unsere-produkte\/maschinen-zur-herstellung-von-pflastersteinen-bordsteinen-und-briketts\/quattro-4x4-turbo\/\">QUATTRO 4X4 TURBO<\/a><\/h3><p class=\"elementor-image-box-description\">Sie ist die schnellste und leistungsst\u00e4rkste einreihige automatische 42-Pflaster- und 18-Bimsmaschine, die je in der T\u00fcrkei hergestellt wurde.<\/p><\/div><\/div>\t\t<\/div>\n\t\t\t\t<\/div>\n\t\t\t\t<\/div>\n\t\t<div class=\"elementor-element elementor-element-6b7d76bf e-con-full e-flex e-con e-parent\" data-id=\"6b7d76bf\" data-element_type=\"container\">\n\t\t\t\t<div class=\"elementor-element elementor-element-700d36a9 elementor-position-top elementor-widget elementor-widget-image-box\" data-id=\"700d36a9\" data-element_type=\"widget\" data-widget_type=\"image-box.default\">\n\t\t\t\t<div class=\"elementor-widget-container\">\n\t\t\t<div class=\"elementor-image-box-wrapper\"><div class=\"elementor-image-framed\"><figure class=\"elementor-image-box-img\"><a href=\"https:\/\/ardenmakina.com\/de\/unsere-produkte\/maschinen-zur-herstellung-von-pflastersteinen-bordsteinen-und-briketts\/quattro-8x8-plus\/\"><img fetchpriority=\"high\" decoding=\"async\" width=\"690\" height=\"340\" src=\"https:\/\/ardenmakina.com\/wp-content\/uploads\/2025\/03\/CS-42-QUATTRO-8X8-PLUS-KIRMIZI-690x340.webp\" class=\"attachment-editech-featured-image-blog size-editech-featured-image-blog wp-image-5787\" alt=\"\" \/><\/a><\/figure><\/div><div class=\"elementor-image-box-content\"><h3 class=\"elementor-image-box-title\"><a href=\"https:\/\/ardenmakina.com\/de\/unsere-produkte\/maschinen-zur-herstellung-von-pflastersteinen-bordsteinen-und-briketts\/quattro-8x8-plus\/\">QUATTRO 8X8 PLUS <\/a><\/h3><p class=\"elementor-image-box-description\">Sie ist die schnellste und leistungsst\u00e4rkste einreihige automatische 42-Pflaster- und 18-Bimsmaschine, die je in der T\u00fcrkei hergestellt wurde.<\/p><\/div><\/div>\t\t<\/div>\n\t\t\t\t<\/div>\n\t\t\t\t<div class=\"elementor-element elementor-element-98b0d elementor-position-top elementor-widget elementor-widget-image-box\" data-id=\"98b0d\" data-element_type=\"widget\" data-widget_type=\"image-box.default\">\n\t\t\t\t<div class=\"elementor-widget-container\">\n\t\t\t<div class=\"elementor-image-box-wrapper\"><div class=\"elementor-image-framed\"><figure class=\"elementor-image-box-img\"><a href=\"https:\/\/ardenmakina.com\/de\/unsere-produkte\/maschinen-zur-herstellung-von-pflastersteinen-bordsteinen-und-briketts\/quattro-6x6-turbo\/\"><img fetchpriority=\"high\" decoding=\"async\" width=\"690\" height=\"340\" src=\"https:\/\/ardenmakina.com\/wp-content\/uploads\/2025\/03\/CS-42-QUATTRO-8X8-PLUS-KIRMIZI-690x340.webp\" class=\"attachment-editech-featured-image-blog size-editech-featured-image-blog wp-image-5787\" alt=\"\" \/><\/a><\/figure><\/div><div class=\"elementor-image-box-content\"><h3 class=\"elementor-image-box-title\"><a href=\"https:\/\/ardenmakina.com\/de\/unsere-produkte\/maschinen-zur-herstellung-von-pflastersteinen-bordsteinen-und-briketts\/quattro-6x6-turbo\/\">QUATTRO 6X6 TURBO<\/a><\/h3><p class=\"elementor-image-box-description\">Sie ist die schnellste und leistungsst\u00e4rkste einreihige automatische 42-Pflaster- und 18-Bimsmaschine, die je in der T\u00fcrkei hergestellt wurde.<\/p><\/div><\/div>\t\t<\/div>\n\t\t\t\t<\/div>\n\t\t\t\t<div class=\"elementor-element elementor-element-70e6f54b elementor-position-top elementor-widget elementor-widget-image-box\" data-id=\"70e6f54b\" data-element_type=\"widget\" data-widget_type=\"image-box.default\">\n\t\t\t\t<div class=\"elementor-widget-container\">\n\t\t\t<div class=\"elementor-image-box-wrapper\"><div class=\"elementor-image-framed\"><figure class=\"elementor-image-box-img\"><a href=\"https:\/\/ardenmakina.com\/de\/unsere-produkte\/maschinen-zur-herstellung-von-pflastersteinen-bordsteinen-und-briketts\/quattro-4x4-turbo\/\"><img fetchpriority=\"high\" decoding=\"async\" width=\"690\" height=\"340\" src=\"https:\/\/ardenmakina.com\/wp-content\/uploads\/2025\/03\/CS-42-QUATTRO-8X8-PLUS-KIRMIZI-690x340.webp\" class=\"attachment-editech-featured-image-blog size-editech-featured-image-blog wp-image-5787\" alt=\"\" \/><\/a><\/figure><\/div><div class=\"elementor-image-box-content\"><h3 class=\"elementor-image-box-title\"><a href=\"https:\/\/ardenmakina.com\/de\/unsere-produkte\/maschinen-zur-herstellung-von-pflastersteinen-bordsteinen-und-briketts\/quattro-4x4-turbo\/\">QUATTRO 4X4 TURBO<\/a><\/h3><p class=\"elementor-image-box-description\">Sie ist die schnellste und leistungsst\u00e4rkste einreihige automatische 42-Pflaster- und 18-Bimsmaschine, die je in der T\u00fcrkei hergestellt wurde.<\/p><\/div><\/div>\t\t<\/div>\n\t\t\t\t<\/div>\n\t\t\t\t<\/div>\n\t\t\t\t<\/div>","protected":false},"excerpt":{"rendered":"<p>QUATTRO 8X8 PLUS T\u00fcrkiye\u2018de bu g\u00fcne kadar \u00fcretilmi\u015f en h\u0131zl\u0131 ve en g\u00fc\u00e7l\u00fc tek s\u0131ra otomatik 42\u2019li parke ve 18\u2019li Biriket (bims) makinas\u0131d\u0131r. QUATTRO 6X6 TURBO T\u00fcrkiye\u2018de bu g\u00fcne kadar \u00fcretilmi\u015f en h\u0131zl\u0131 ve en g\u00fc\u00e7l\u00fc tek s\u0131ra otomatik 42\u2019li parke ve 18\u2019li Biriket (bims) makinas\u0131d\u0131r. QUATTRO 4X4 TURBO T\u00fcrkiye\u2018de bu g\u00fcne kadar \u00fcretilmi\u015f en &hellip; <\/p>\n<p class=\"more-link-wrap\"><a href=\"https:\/\/ardenmakina.com\/de\/unsere-produkte\/betondosieranlagen\/\" class=\"more-link\"><span>Mehr lesen<span class=\"screen-reader-text\"> &#8220;Beton Santralleri&#8221;<\/span><\/span><i class=\"opal-icon-arrow-right\" aria-hidden=\"true\"><\/i><\/a><\/p>","protected":false},"author":1,"featured_media":0,"parent":617,"menu_order":0,"comment_status":"closed","ping_status":"closed","template":"","meta":{"inline_featured_image":false,"footnotes":""},"class_list":["post-3265","page","type-page","status-publish","hentry"],"_links":{"self":[{"href":"https:\/\/ardenmakina.com\/de\/wp-json\/wp\/v2\/pages\/3265","targetHints":{"allow":["GET"]}}],"collection":[{"href":"https:\/\/ardenmakina.com\/de\/wp-json\/wp\/v2\/pages"}],"about":[{"href":"https:\/\/ardenmakina.com\/de\/wp-json\/wp\/v2\/types\/page"}],"author":[{"embeddable":true,"href":"https:\/\/ardenmakina.com\/de\/wp-json\/wp\/v2\/users\/1"}],"replies":[{"embeddable":true,"href":"https:\/\/ardenmakina.com\/de\/wp-json\/wp\/v2\/comments?post=3265"}],"version-history":[{"count":20,"href":"https:\/\/ardenmakina.com\/de\/wp-json\/wp\/v2\/pages\/3265\/revisions"}],"predecessor-version":[{"id":5828,"href":"https:\/\/ardenmakina.com\/de\/wp-json\/wp\/v2\/pages\/3265\/revisions\/5828"}],"up":[{"embeddable":true,"href":"https:\/\/ardenmakina.com\/de\/wp-json\/wp\/v2\/pages\/617"}],"wp:attachment":[{"href":"https:\/\/ardenmakina.com\/de\/wp-json\/wp\/v2\/media?parent=3265"}],"curies":[{"name":"wp","href":"https:\/\/api.w.org\/{rel}","templated":true}]}}